{"id":1540,"date":"2025-09-18T16:20:13","date_gmt":"2025-09-18T16:20:13","guid":{"rendered":"https:\/\/cropwing.es\/who-we-are\/"},"modified":"2026-04-23T13:10:00","modified_gmt":"2026-04-23T13:10:00","slug":"who-we-are","status":"publish","type":"page","link":"https:\/\/cropwing.es\/en\/who-we-are\/","title":{"rendered":"WHO WE ARE"},"content":{"rendered":"\t\t<div data-elementor-type=\"wp-page\" data-elementor-id=\"1540\" class=\"elementor elementor-1540 elementor-335\" data-elementor-post-type=\"page\">\n\t\t\t\t<div class=\"elementor-element elementor-element-c3b24c3 e-flex e-con-boxed e-con e-parent\" data-id=\"c3b24c3\" data-element_type=\"container\" data-e-type=\"container\" data-settings=\"{&quot;background_background&quot;:&quot;classic&quot;}\">\n\t\t\t\t\t<div class=\"e-con-inner\">\n\t\t<div class=\"elementor-element elementor-element-f537a4e e-con-full reveal-group e-flex e-con e-child\" data-id=\"f537a4e\" data-element_type=\"container\" data-e-type=\"container\">\n\t\t\t\t<div class=\"elementor-element elementor-element-7af7f84 elementor-widget elementor-widget-heading\" data-id=\"7af7f84\" data-element_type=\"widget\" data-e-type=\"widget\" data-widget_type=\"heading.default\">\n\t\t\t\t<div class=\"elementor-widget-container\">\n\t\t\t\t\t<h1 class=\"elementor-heading-title elementor-size-default\">Experts in smart aerial solutions<\/h1>\t\t\t\t<\/div>\n\t\t\t\t<\/div>\n\t\t\t\t<div class=\"elementor-element elementor-element-991f065 elementor-widget elementor-widget-heading\" data-id=\"991f065\" data-element_type=\"widget\" data-e-type=\"widget\" data-widget_type=\"heading.default\">\n\t\t\t\t<div class=\"elementor-widget-container\">\n\t\t\t\t\t<h2 class=\"elementor-heading-title elementor-size-default\">Harnessing technology to serve the land with precision, efficiency and aerial solutions<\/h2>\t\t\t\t<\/div>\n\t\t\t\t<\/div>\n\t\t\t\t<\/div>\n\t\t\t\t\t<\/div>\n\t\t\t\t<\/div>\n\t\t<div class=\"elementor-element elementor-element-5673997 reveal-group e-flex e-con-boxed e-con e-parent\" data-id=\"5673997\" data-element_type=\"container\" data-e-type=\"container\" data-settings=\"{&quot;background_background&quot;:&quot;classic&quot;}\">\n\t\t\t\t\t<div class=\"e-con-inner\">\n\t\t<div class=\"elementor-element elementor-element-d883856 e-con-full e-flex e-con e-child\" data-id=\"d883856\" data-element_type=\"container\" data-e-type=\"container\">\n\t\t<div class=\"elementor-element elementor-element-83b4748 e-con-full e-flex e-con e-child\" data-id=\"83b4748\" data-element_type=\"container\" data-e-type=\"container\">\n\t\t\t\t<div class=\"elementor-element elementor-element-039d2ab elementor-widget elementor-widget-heading\" data-id=\"039d2ab\" data-element_type=\"widget\" data-e-type=\"widget\" data-widget_type=\"heading.default\">\n\t\t\t\t<div class=\"elementor-widget-container\">\n\t\t\t\t\t<h2 class=\"elementor-heading-title elementor-size-default\">Specialists in the aeronautical sector<\/h2>\t\t\t\t<\/div>\n\t\t\t\t<\/div>\n\t\t\t\t<\/div>\n\t\t\t\t<\/div>\n\t\t<div class=\"elementor-element elementor-element-0fae010 e-con-full e-flex e-con e-child\" data-id=\"0fae010\" data-element_type=\"container\" data-e-type=\"container\">\n\t\t<div class=\"elementor-element elementor-element-568ff70 e-con-full e-flex e-con e-child\" data-id=\"568ff70\" data-element_type=\"container\" data-e-type=\"container\">\n\t\t\t\t<div class=\"elementor-element elementor-element-3e2419f elementor-widget elementor-widget-text-editor\" data-id=\"3e2419f\" data-element_type=\"widget\" data-e-type=\"widget\" data-widget_type=\"text-editor.default\">\n\t\t\t\t<div class=\"elementor-widget-container\">\n\t\t\t\t\t\t\t\t\t<p>At CROPWING, we are pioneers in the use of drones and satellite technology to improve crop efficiency, sustainability, and yield. We started out in 2023 to address an urgent need in the agricultural sector to integrate drone technology to optimize phytosanitary treatments, anticipate pest outbreaks, and to reduce costs.<\/p><p>Since then, our company has added two new divisions: drone-powered facade cleaning for tall or high-rise buildings, and drone inspection and maintenance services.<\/p>\t\t\t\t\t\t\t\t<\/div>\n\t\t\t\t<\/div>\n\t\t\t\t<\/div>\n\t\t\t\t<\/div>\n\t\t\t\t\t<\/div>\n\t\t\t\t<\/div>\n\t\t<div class=\"elementor-element elementor-element-5bc71b6 reveal-group e-flex e-con-boxed e-con e-parent\" data-id=\"5bc71b6\" data-element_type=\"container\" data-e-type=\"container\">\n\t\t\t\t\t<div class=\"e-con-inner\">\n\t\t<div class=\"elementor-element elementor-element-d003d41 e-con-full e-flex e-con e-child\" data-id=\"d003d41\" data-element_type=\"container\" data-e-type=\"container\" data-settings=\"{&quot;background_background&quot;:&quot;gradient&quot;}\">\n\t\t<div class=\"elementor-element elementor-element-f7591c9 e-con-full e-flex e-con e-child\" data-id=\"f7591c9\" data-element_type=\"container\" data-e-type=\"container\" data-settings=\"{&quot;background_background&quot;:&quot;classic&quot;}\">\n\t\t\t\t<div class=\"elementor-element elementor-element-74b3d14 elementor-widget elementor-widget-heading\" data-id=\"74b3d14\" data-element_type=\"widget\" data-e-type=\"widget\" data-widget_type=\"heading.default\">\n\t\t\t\t<div class=\"elementor-widget-container\">\n\t\t\t\t\t<h2 class=\"elementor-heading-title elementor-size-default\">A cross-disciplinary and highly-specialized team<\/h2>\t\t\t\t<\/div>\n\t\t\t\t<\/div>\n\t\t\t\t<div class=\"elementor-element elementor-element-fb9f48e elementor-widget elementor-widget-text-editor\" data-id=\"fb9f48e\" data-element_type=\"widget\" data-e-type=\"widget\" data-widget_type=\"text-editor.default\">\n\t\t\t\t<div class=\"elementor-widget-container\">\n\t\t\t\t\t\t\t\t\tExperienced professionals at your service.<br>Specialization and expertise and full regulatory compliance to ensure safe, reliable operations.\t\t\t\t\t\t\t\t<\/div>\n\t\t\t\t<\/div>\n\t\t\t\t<div class=\"elementor-element elementor-element-1dd7697 elementor-widget elementor-widget-button\" data-id=\"1dd7697\" data-element_type=\"widget\" data-e-type=\"widget\" data-widget_type=\"button.default\">\n\t\t\t\t<div class=\"elementor-widget-container\">\n\t\t\t\t\t\t\t\t\t<div class=\"elementor-button-wrapper\">\n\t\t\t\t\t<a class=\"elementor-button elementor-button-link elementor-size-sm\" href=\"https:\/\/cropwing.es\/en\/dji-agriculture\/\">\n\t\t\t\t\t\t<span class=\"elementor-button-content-wrapper\">\n\t\t\t\t\t\t\t\t\t<span class=\"elementor-button-text\">Let's talk!<\/span>\n\t\t\t\t\t<\/span>\n\t\t\t\t\t<\/a>\n\t\t\t\t<\/div>\n\t\t\t\t\t\t\t\t<\/div>\n\t\t\t\t<\/div>\n\t\t\t\t<\/div>\n\t\t<div class=\"elementor-element elementor-element-f3f9cdd e-con-full e-flex e-con e-child\" data-id=\"f3f9cdd\" data-element_type=\"container\" data-e-type=\"container\" data-settings=\"{&quot;background_background&quot;:&quot;classic&quot;}\">\n\t\t\t\t<div class=\"elementor-element elementor-element-6f66ab5 elementor-widget elementor-widget-html\" data-id=\"6f66ab5\" data-element_type=\"widget\" data-e-type=\"widget\" data-widget_type=\"html.default\">\n\t\t\t\t<div class=\"elementor-widget-container\">\n\t\t\t\t\t<style>.team-steps {\n    --steps-text: #ffffff;\n    --steps-muted: rgba(255, 255, 255, 0.92);\n    --steps-line: rgba(255, 255, 255, 0.7);\n    --steps-ring: rgba(62, 192, 183, 0.7);\n    --steps-marker-bg: #1c2126;\n    --steps-marker-size: 52px;\n    --steps-gap: 18px;\n    --steps-space: 38px;\n    --steps-title-height: 27px;\n\n    width: 100%;\n  }\n\n  .team-steps__item {\n    position: relative;\n    display: grid;\n    grid-template-columns: var(--steps-marker-size) minmax(0, 1fr);\n    column-gap: var(--steps-gap);\n    align-items: start;\n  }\n\n  .team-steps__item:not(:last-child) {\n    padding-bottom: var(--steps-space);\n  }\n\n  .team-steps__item:not(:last-child)::after {\n    content: \"\";\n    position: absolute;\n    left: calc(var(--steps-marker-size) \/ 2);\n    top: calc(var(--steps-title-height) + 12px);\n    bottom: 0;\n    width: 1px;\n    transform: translateX(-50%);\n    background-image: repeating-linear-gradient(\n      to bottom,\n      var(--steps-line) 0 3px,\n      transparent 3px 7px\n    );\n    opacity: 0.95;\n  }\n\n  .team-steps__marker {\n    width: var(--steps-marker-size);\n    height: var(--steps-marker-size);\n    margin-top: calc((var(--steps-title-height) - var(--steps-marker-size)) \/ 2);\n    border-radius: 999px;\n    border: 1px solid var(--steps-ring);\n    background: var(--steps-marker-bg);\n    color: var(--steps-text);\n    display: flex;\n    align-items: center;\n    justify-content: center;\n    font-size: 18px;\n    line-height: 1;\n    font-weight: 700;\n    letter-spacing: 0.04em;\n    box-sizing: border-box;\n  }\n\n  .team-steps__content h3 {\n    margin: 0 0 14px;\n    color: var(--steps-text);\n    font-size: 24px;\n    line-height: 1.12;\n    font-weight: 700;\n  }\n\n  .team-steps__content p {\n    margin: 0;\n    color: var(--steps-muted);\n    font-size: 18px;\n    line-height: 1.65;\n    max-width: 62ch;\n  }\n\n  @media (max-width: 767px) {\n    .team-steps {\n      --steps-marker-size: 44px;\n      --steps-gap: 14px;\n      --steps-space: 30px;\n      --steps-title-height: 28px;\n    }\n\n    .team-steps__item:not(:last-child)::after {\n      left: 22px;\n      top: calc(var(--steps-title-height) + 14px);\n    }\n\n    .team-steps__marker {\n      font-size: 16px;\n    }\n\n    .team-steps__content h3 {\n      margin-bottom: 10px;\n      font-size: 24px;\n      line-height: 1.15;\n    }\n\n    .team-steps__content p {\n      font-size: 18px;\n      line-height: 1.55;\n      max-width: none;\n    }\n  }\n<\/style><section class=\"team-steps\" aria-label=\"Equipo especializado\"><div class=\"team-steps__item\"><div class=\"team-steps__marker\" aria-hidden=\"true\">01<\/div><div class=\"team-steps__content\"><h3>Profesionales del sector aeron\u00e1utico<\/h3><p>Amplia trayectoria en operaciones con helic\u00f3pteros y gesti\u00f3n de empresas aeron\u00e1uticas:\n        rescates en monta\u00f1a, traslados medicalizados, lucha contra incendios forestales, heliesqu\u00ed,\n        carga externa, transporte de pasajeros y trabajos de fotograf\u00eda y filmaci\u00f3n, entre otros.\n      <\/p><\/div><\/div><div class=\"team-steps__item\"><div class=\"team-steps__marker\" aria-hidden=\"true\">02<\/div><div class=\"team-steps__content\"><h3>Ingenieros en tecnolog\u00eda satelital<\/h3><p>Experiencia en entidades de primer nivel como la NASA, la ESA y INDRA.\n      <\/p><\/div><\/div><div class=\"team-steps__item\"><div class=\"team-steps__marker\" aria-hidden=\"true\">03<\/div><div class=\"team-steps__content\"><h3>Especialistas del sector agr\u00edcola<\/h3><p>Conocedores del d\u00eda a d\u00eda del campo y de las necesidades reales de los agricultores. Adem\u00e1s,\n        contamos con Mec\u00e0niques Bover como partner estrat\u00e9gico, un aliado con una gran capilaridad\n        comercial que nos ayuda a conectar con el cliente final.\n      <\/p><\/div><\/div><\/section>\t\t\t\t<\/div>\n\t\t\t\t<\/div>\n\t\t\t\t<\/div>\n\t\t\t\t<\/div>\n\t\t\t\t\t<\/div>\n\t\t\t\t<\/div>\n\t\t<div class=\"elementor-element elementor-element-fe87450 e-con-full reveal-group e-flex e-con e-parent\" data-id=\"fe87450\" data-element_type=\"container\" data-e-type=\"container\" data-settings=\"{&quot;background_background&quot;:&quot;gradient&quot;}\">\n\t\t<div class=\"elementor-element elementor-element-2e98c3c e-con-full e-flex e-con e-child\" data-id=\"2e98c3c\" data-element_type=\"container\" data-e-type=\"container\" data-settings=\"{&quot;background_background&quot;:&quot;classic&quot;}\">\n\t\t\t\t<\/div>\n\t\t<div class=\"elementor-element elementor-element-a9fdd8f e-con-full e-flex e-con e-child\" data-id=\"a9fdd8f\" data-element_type=\"container\" data-e-type=\"container\">\n\t\t<div class=\"elementor-element elementor-element-bded84a e-con-full e-flex e-con e-child\" data-id=\"bded84a\" data-element_type=\"container\" data-e-type=\"container\">\n\t\t\t\t<div class=\"elementor-element elementor-element-f135085 elementor-widget elementor-widget-heading\" data-id=\"f135085\" data-element_type=\"widget\" data-e-type=\"widget\" data-widget_type=\"heading.default\">\n\t\t\t\t<div class=\"elementor-widget-container\">\n\t\t\t\t\t<h3 class=\"elementor-heading-title elementor-size-default\">Toward digital and sustainable agriculture<\/h3>\t\t\t\t<\/div>\n\t\t\t\t<\/div>\n\t\t\t\t<div class=\"elementor-element elementor-element-44882d7 elementor-widget elementor-widget-text-editor\" data-id=\"44882d7\" data-element_type=\"widget\" data-e-type=\"widget\" data-widget_type=\"text-editor.default\">\n\t\t\t\t<div class=\"elementor-widget-container\">\n\t\t\t\t\t\t\t\t\tOur mission is clear: to lead the digital transformation of agriculture through the integration of drones, artificial intelligence, and satellite observation and to replace heavy machinery with smarter and more sustainable solutions.\t\t\t\t\t\t\t\t<\/div>\n\t\t\t\t<\/div>\n\t\t\t\t<\/div>\n\t\t\t\t<\/div>\n\t\t\t\t<\/div>\n\t\t<div class=\"elementor-element elementor-element-387c1f3 e-con-full reveal-group e-flex e-con e-parent\" data-id=\"387c1f3\" data-element_type=\"container\" data-e-type=\"container\" data-settings=\"{&quot;background_background&quot;:&quot;gradient&quot;}\">\n\t\t<div class=\"elementor-element elementor-element-c94d622 e-con-full e-flex e-con e-child\" data-id=\"c94d622\" data-element_type=\"container\" data-e-type=\"container\">\n\t\t<div class=\"elementor-element elementor-element-a2bad51 e-con-full e-flex e-con e-child\" data-id=\"a2bad51\" data-element_type=\"container\" data-e-type=\"container\">\n\t\t\t\t<div class=\"elementor-element elementor-element-cff3134 elementor-widget elementor-widget-heading\" data-id=\"cff3134\" data-element_type=\"widget\" data-e-type=\"widget\" data-widget_type=\"heading.default\">\n\t\t\t\t<div class=\"elementor-widget-container\">\n\t\t\t\t\t<h3 class=\"elementor-heading-title elementor-size-default\">Experts in drone regulation and air safety<\/h3>\t\t\t\t<\/div>\n\t\t\t\t<\/div>\n\t\t\t\t<div class=\"elementor-element elementor-element-0fe232c elementor-widget elementor-widget-text-editor\" data-id=\"0fe232c\" data-element_type=\"widget\" data-e-type=\"widget\" data-widget_type=\"text-editor.default\">\n\t\t\t\t<div class=\"elementor-widget-container\">\n\t\t\t\t\t\t\t\t\t<p>We put our expertise at our clients\u2019 service, managing all regulatory requirements and administrative procedures needed to obtain flight permits and operate safely.<\/p><p>Don\u2019t take risks with companies that lack the proper certifications or fail to comply with aviation standards. At CROPWING, we operate with full legal guarantees because our clients\u2019 safety and trust are always the top priority.<\/p><p><strong class=\"green-cropwing\">Data, precision and action<\/strong><\/p>\t\t\t\t\t\t\t\t<\/div>\n\t\t\t\t<\/div>\n\t\t\t\t<\/div>\n\t\t\t\t<\/div>\n\t\t<div class=\"elementor-element elementor-element-e44ae05 e-con-full e-flex e-con e-child\" data-id=\"e44ae05\" data-element_type=\"container\" data-e-type=\"container\" data-settings=\"{&quot;background_background&quot;:&quot;classic&quot;}\">\n\t\t\t\t<\/div>\n\t\t\t\t<\/div>\n\t\t<div class=\"elementor-element elementor-element-57f89bb e-con-full e-flex e-con e-parent\" data-id=\"57f89bb\" data-element_type=\"container\" data-e-type=\"container\" data-settings=\"{&quot;background_background&quot;:&quot;classic&quot;}\">\n\t\t\t\t<div class=\"elementor-element elementor-element-404f067 elementor-widget elementor-widget-html\" data-id=\"404f067\" data-element_type=\"widget\" data-e-type=\"widget\" data-widget_type=\"html.default\">\n\t\t\t\t<div class=\"elementor-widget-container\">\n\t\t\t\t\t<section class=\"marquee-band\" aria-label=\"Valores clave\">\n  <div class=\"marquee-track\">\n    <p class=\"marquee-content\">\n      <span>Innovation, precision, and sustainability<\/span>\n     <span>Innovation, precision, and sustainability<\/span>\n    <span>Innovation, precision, and sustainability<\/span>\n    <\/p>\n    <p class=\"marquee-content\" aria-hidden=\"true\">\n      <span>Innovation, precision, and sustainability<\/span>\n      <span>Innovation, precision, and sustainability<\/span>\n     <span>Innovation, precision, and sustainability<\/span>\n    <\/p>\n  <\/div>\n<\/section>\t\t\t\t<\/div>\n\t\t\t\t<\/div>\n\t\t\t\t<\/div>\n\t\t\t\t<\/div>\n\t\t","protected":false},"excerpt":{"rendered":"<p>Experts in smart aerial solutions Harnessing technology to serve the land with precision, efficiency and aerial solutions Specialists in the [&hellip;]<\/p>\n","protected":false},"author":1,"featured_media":0,"parent":0,"menu_order":0,"comment_status":"closed","ping_status":"closed","template":"","meta":{"_acf_changed":false,"_seopress_robots_primary_cat":"","_seopress_titles_title":"","_seopress_titles_desc":"","_seopress_robots_index":"","inline_featured_image":false,"site-sidebar-layout":"no-sidebar","site-content-layout":"","ast-site-content-layout":"full-width-container","site-content-style":"default","site-sidebar-style":"default","ast-global-header-display":"","ast-banner-title-visibility":"","ast-main-header-display":"","ast-hfb-above-header-display":"","ast-hfb-below-header-display":"","ast-hfb-mobile-header-display":"","site-post-title":"disabled","ast-breadcrumbs-content":"","ast-featured-img":"disabled","footer-sml-layout":"","ast-disable-related-posts":"","theme-transparent-header-meta":"default","adv-header-id-meta":"","stick-header-meta":"","header-above-stick-meta":"","header-main-stick-meta":"","header-below-stick-meta":"","astra-migrate-meta-layouts":"default","ast-page-background-enabled":"default","ast-page-background-meta":{"desktop":{"background-color":"var(--ast-global-color-5)","background-image":"","background-repeat":"repeat","background-position":"center center","background-size":"auto","background-attachment":"scroll","background-type":"","background-media":"","overlay-type":"","overlay-color":"","overlay-opacity":"","overlay-gradient":""},"tablet":{"background-color":"","background-image":"","background-repeat":"repeat","background-position":"center center","background-size":"auto","background-attachment":"scroll","background-type":"","background-media":"","overlay-type":"","overlay-color":"","overlay-opacity":"","overlay-gradient":""},"mobile":{"background-color":"","background-image":"","background-repeat":"repeat","background-position":"center center","background-size":"auto","background-attachment":"scroll","background-type":"","background-media":"","overlay-type":"","overlay-color":"","overlay-opacity":"","overlay-gradient":""}},"ast-content-background-meta":{"desktop":{"background-color":"var(--ast-global-color-4)","background-image":"","background-repeat":"repeat","background-position":"center center","background-size":"auto","background-attachment":"scroll","background-type":"","background-media":"","overlay-type":"","overlay-color":"","overlay-opacity":"","overlay-gradient":""},"tablet":{"background-color":"var(--ast-global-color-4)","background-image":"","background-repeat":"repeat","background-position":"center center","background-size":"auto","background-attachment":"scroll","background-type":"","background-media":"","overlay-type":"","overlay-color":"","overlay-opacity":"","overlay-gradient":""},"mobile":{"background-color":"var(--ast-global-color-4)","background-image":"","background-repeat":"repeat","background-position":"center center","background-size":"auto","background-attachment":"scroll","background-type":"","background-media":"","overlay-type":"","overlay-color":"","overlay-opacity":"","overlay-gradient":""}},"footnotes":""},"class_list":["post-1540","page","type-page","status-publish","hentry"],"acf":[],"_links":{"self":[{"href":"https:\/\/cropwing.es\/en\/wp-json\/wp\/v2\/pages\/1540","targetHints":{"allow":["GET"]}}],"collection":[{"href":"https:\/\/cropwing.es\/en\/wp-json\/wp\/v2\/pages"}],"about":[{"href":"https:\/\/cropwing.es\/en\/wp-json\/wp\/v2\/types\/page"}],"author":[{"embeddable":true,"href":"https:\/\/cropwing.es\/en\/wp-json\/wp\/v2\/users\/1"}],"replies":[{"embeddable":true,"href":"https:\/\/cropwing.es\/en\/wp-json\/wp\/v2\/comments?post=1540"}],"version-history":[{"count":4,"href":"https:\/\/cropwing.es\/en\/wp-json\/wp\/v2\/pages\/1540\/revisions"}],"predecessor-version":[{"id":1685,"href":"https:\/\/cropwing.es\/en\/wp-json\/wp\/v2\/pages\/1540\/revisions\/1685"}],"wp:attachment":[{"href":"https:\/\/cropwing.es\/en\/wp-json\/wp\/v2\/media?parent=1540"}],"curies":[{"name":"wp","href":"https:\/\/api.w.org\/{rel}","templated":true}]}}