{"id":1722,"date":"2025-04-14T11:06:32","date_gmt":"2025-04-14T11:06:32","guid":{"rendered":"https:\/\/cropwing.es\/politica-de-privadesa\/"},"modified":"2025-04-14T11:06:32","modified_gmt":"2025-04-14T11:06:32","slug":"politica-de-privadesa","status":"publish","type":"page","link":"https:\/\/cropwing.es\/ca\/politica-de-privadesa\/","title":{"rendered":"Pol\u00edtica de privadesa"},"content":{"rendered":"<p data-start=\"5223\" data-end=\"5459\"><strong data-start=\"5223\" data-end=\"5257\">1. Responsable del tractament<\/strong><br data-start=\"5257\" data-end=\"5260\"> <strong data-start=\"5260\" data-end=\"5291\">Cropwing Technologies, SL<\/strong><br data-start=\"5291\" data-end=\"5294\"> NIF\/CIF: <strong data-start=\"5303\" data-end=\"5316\">B56674476<\/strong><br data-start=\"5316\" data-end=\"5319\"> Domicili: <strong data-start=\"5330\" data-end=\"5372\">C\/ Castell\u00f3, 6 Baixos, 08021 Barcelona<\/strong><br data-start=\"5372\" data-end=\"5375\"> Correu electr\u00f2nic de contacte: <strong data-start=\"5407\" data-end=\"5427\"><a class=\"decorated-link cursor-pointer\" rel=\"noopener\" data-start=\"5409\" data-end=\"5425\">info@cropwing.es<\/a><\/strong><br data-start=\"5427\" data-end=\"5430\"> Tel\u00e8fon: <strong data-start=\"5440\" data-end=\"5459\">+34 659 282 941<\/strong><\/p>\n<p data-start=\"5461\" data-end=\"5629\"><strong data-start=\"5461\" data-end=\"5495\">2. Finalitats del tractament<\/strong><br data-start=\"5495\" data-end=\"5498\"> A Cropwing Technologies, SL tractem les dades personals que ens faciliti a trav\u00e9s d&#8217;aquesta web per a les finalitats seg\u00fcents:<\/p>\n<p data-start=\"5631\" data-end=\"6313\">a) <strong data-start=\"5634\" data-end=\"5696\">Atendre sol\u00b7licituds d&#8217;informaci\u00f3, consultes o peticions<\/strong> fetes a trav\u00e9s del formulari de contacte o per correu electr\u00f2nic.<br data-start=\"5769\" data-end=\"5772\"> b) <strong data-start=\"5775\" data-end=\"5827\">Gestionar la relaci\u00f3 precontractual o comercial<\/strong> derivada de la sol\u00b7licitud dels nostres serveis.<br data-start=\"5875\" data-end=\"5878\"> c) <strong data-start=\"5881\" data-end=\"5957\">Enviar comunicacions informatives o comercials per mitjans electr\u00f2nics<\/strong> , inclosa la newsletter, quan l&#8217;usuari ho hagi autoritzat expressament o quan hi hagi una altra base legitimadora v\u00e0lida d&#8217;acord amb la normativa aplicable.<br data-start=\"6113\" data-end=\"6116\"> d) <strong data-start=\"6119\" data-end=\"6148\">Analitzar l&#8217;\u00fas del web<\/strong> mitjan\u00e7ant eines d&#8217;anal\u00edtica i mesurament, en els termes indicats a la Pol\u00edtica de Cookies.<br data-start=\"6248\" data-end=\"6251\"> e) <strong data-start=\"6254\" data-end=\"6286\">Complir obligacions legals<\/strong> aplicables al responsable.<\/p>\n<p data-start=\"6315\" data-end=\"6422\"><strong data-start=\"6315\" data-end=\"6350\">3. Categories de dades tractades<\/strong><br data-start=\"6350\" data-end=\"6353\"> Podrem tractar, segons cada cas, les categories de dades seg\u00fcents:<\/p>\n<ul data-start=\"6424\" data-end=\"6763\">\n<li data-section-id=\"15q0zr4\" data-start=\"6424\" data-end=\"6528\">Dades identificatives i de contacte, com a nom, cognoms, correu electr\u00f2nic, tel\u00e8fon i empresa.<\/li>\n<li data-section-id=\"uahzme\" data-start=\"6529\" data-end=\"6601\">Dades contingudes al missatge o consulta que ens remeti l&#8217;usuari.<\/li>\n<li data-section-id=\"111dexs\" data-start=\"6602\" data-end=\"6763\">Dades de navegaci\u00f3 i \u00fas del lloc web, inclosa informaci\u00f3 obtinguda mitjan\u00e7ant galetes o tecnologies similars, segons la configuraci\u00f3 triada per l&#8217;usuari.<\/li>\n<\/ul>\n<p data-start=\"6765\" data-end=\"7019\">Cropwing Technologies, SL sol\u00b7licita als usuaris que no facilitin dades personals de tercers sense comptar amb una base leg\u00edtima per a aix\u00f2, ni categories especials de dades llevat que resulti estrictament necessari i hi hagi cobertura legal suficient.<\/p>\n<p data-start=\"7021\" data-end=\"7132\"><strong data-start=\"7021\" data-end=\"7057\">4. Base jur\u00eddica del tractament<\/strong><br data-start=\"7057\" data-end=\"7060\"> Les bases jur\u00eddiques per al tractament de les vostres dades s\u00f3n les seg\u00fcents:<\/p>\n<ul data-start=\"7134\" data-end=\"7728\">\n<li data-section-id=\"1tc3i1o\" data-start=\"7134\" data-end=\"7317\"><strong data-start=\"7136\" data-end=\"7169\">Consentiment de l&#8217;interessat<\/strong> , quan ens contacti volunt\u00e0riament a trav\u00e9s de formularis, quan accepti l&#8217;\u00fas de galetes no necess\u00e0ries o quan se subscrigui a la newsletter.<\/li>\n<li data-section-id=\"1rfabca\" data-start=\"7318\" data-end=\"7508\"><strong data-start=\"7320\" data-end=\"7362\">Aplicaci\u00f3 de mesures precontractuals<\/strong> o, si escau, l&#8217;execuci\u00f3 d&#8217;una relaci\u00f3 contractual, quan el tractament sigui necessari per atendre la vostra sol\u00b7licitud o prestar-li un servei.<\/li>\n<li data-section-id=\"15x984z\" data-start=\"7509\" data-end=\"7607\"><strong data-start=\"7511\" data-end=\"7551\">Compliment d&#8217;obligacions legals<\/strong> que siguin aplicables a Cropwing Technologies, SL<\/li>\n<li data-section-id=\"1q86j5d\" data-start=\"7608\" data-end=\"7728\"><strong data-start=\"7610\" data-end=\"7630\">Inter\u00e8s leg\u00edtim<\/strong> , en aquells sup\u00f2sits en qu\u00e8 resulti aplicable de forma proporcionada i conforme a la normativa.<\/li>\n<\/ul>\n<p data-start=\"7730\" data-end=\"7887\">Quan la base sigui el consentiment, l&#8217;usuari podr\u00e0 retirar-lo en qualsevol moment, sense que aix\u00f2 afecti la licitud del tractament previ a la seva retirada.<\/p>\n<p data-start=\"7889\" data-end=\"8141\"><strong data-start=\"7889\" data-end=\"7921\">5. Conservaci\u00f3 de les dades<\/strong><br data-start=\"7921\" data-end=\"7924\"> Les dades personals es conservaran durant el temps necessari per complir la finalitat per a la qual van ser demanades i, posteriorment, durant els terminis legalment exigits per atendre possibles responsabilitats.<\/p>\n<p data-start=\"8143\" data-end=\"8168\">Amb car\u00e0cter orientatiu:<\/p>\n<ul data-start=\"8170\" data-end=\"8655\">\n<li data-section-id=\"1w6s4l1\" data-start=\"8170\" data-end=\"8359\">Les dades trameses a trav\u00e9s del formulari de contacte es conservaran durant el temps necessari per atendre la consulta i, si escau, durant els terminis de prescripci\u00f3 aplicables.<\/li>\n<li data-section-id=\"c5vtha\" data-start=\"8360\" data-end=\"8522\">Les dades tractades per a l&#8217;enviament de newsletter o comunicacions comercials es conservaran mentre l&#8217;usuari no en retiri el consentiment o sol\u00b7liciti la baixa.<\/li>\n<li data-section-id=\"9b9if0\" data-start=\"8523\" data-end=\"8655\">Les dades associades a cookies es conservaran segons el que indica la Pol\u00edtica de Cookies i en funci\u00f3 de l&#8217;eina utilitzada.<\/li>\n<\/ul>\n<p data-start=\"8657\" data-end=\"8837\"><strong data-start=\"8657\" data-end=\"8690\">6. Destinataris de les dades<\/strong><br data-start=\"8690\" data-end=\"8693\"> Amb car\u00e0cter general, les dades no es comunicaran a tercers, excepte obligaci\u00f3 legal o quan sigui necessari per a la prestaci\u00f3 del servei.<\/p>\n<p data-start=\"8839\" data-end=\"9197\">Tot i aix\u00f2, podran tenir acc\u00e9s a dades personals prove\u00efdors que presten serveis a Cropwing Technologies, SL en qualitat d&#8217; <strong data-start=\"8969\" data-end=\"8999\">encarregats del tractament<\/strong> , per exemple, prove\u00efdors d&#8217;allotjament web, correu electr\u00f2nic, anal\u00edtica, suport tecnol\u00f2gic o m\u00e0rqueting, sempre sota el corresponent contracte i amb les garanties exigides per la normativa.<\/p>\n<p data-start=\"9199\" data-end=\"9415\">Si algun prove\u00efdor estigu\u00e9s ubicat fora de l&#8217;Espai Econ\u00f2mic Europeu o fes transfer\u00e8ncies internacionals de dades, aquestes transfer\u00e8ncies es duran a terme amb les garanties adequades legalment exigibles.<\/p>\n<p data-start=\"9417\" data-end=\"9523\"><strong data-start=\"9417\" data-end=\"9460\">7. Drets de les persones interessades<\/strong><br data-start=\"9460\" data-end=\"9463\"> La persona interessada pot exercir els drets seg\u00fcents:<\/p>\n<ul data-start=\"9525\" data-end=\"9815\">\n<li data-section-id=\"fg5bjd\" data-start=\"9525\" data-end=\"9559\">Acc\u00e9s a les vostres dades personals.<\/li>\n<li data-section-id=\"ohic2h\" data-start=\"9560\" data-end=\"9601\">Rectificaci\u00f3 de les dades inexactes.<\/li>\n<li data-section-id=\"11xtyat\" data-start=\"9602\" data-end=\"9644\">Supressi\u00f3 de les vostres dades quan escaigui.<\/li>\n<li data-section-id=\"r1rlu8\" data-start=\"9645\" data-end=\"9674\">Oposici\u00f3 al tractament.<\/li>\n<li data-section-id=\"1vu0sry\" data-start=\"9675\" data-end=\"9706\">Limitaci\u00f3 del tractament.<\/li>\n<li data-section-id=\"h79t8i\" data-start=\"9707\" data-end=\"9763\">Portabilitat de les dades, quan sigui aplicable.<\/li>\n<li data-section-id=\"1vdbrf5\" data-start=\"9764\" data-end=\"9815\">Retirada del consentiment en qualsevol moment.<\/li>\n<\/ul>\n<p data-start=\"9817\" data-end=\"9983\">Per exercir aquests drets podeu enviar una sol\u00b7licitud a <strong data-start=\"9874\" data-end=\"9894\"><a class=\"decorated-link cursor-pointer\" rel=\"noopener\" data-start=\"9876\" data-end=\"9892\">info@cropwing.es<\/a><\/strong> , indicant el dret que voleu exercir i acreditant la vostra identitat quan sigui necessari.<\/p>\n<p data-start=\"9985\" data-end=\"10153\">Aix\u00ed mateix, si considereu que el tractament de les vostres dades no s&#8217;ajusta a la normativa, podeu presentar una reclamaci\u00f3 davant l&#8217; <strong data-start=\"10109\" data-end=\"10152\">Ag\u00e8ncia Espanyola de Protecci\u00f3 de Dades<\/strong> .<\/p>\n<p data-start=\"10155\" data-end=\"10422\"><strong data-start=\"10155\" data-end=\"10201\">8. Comunicacions comercials i newsletter<\/strong><br data-start=\"10201\" data-end=\"10204\"> En cas de subscripci\u00f3 a la newsletter o acceptaci\u00f3 expressa de comunicacions comercials, Cropwing Technologies, SL podr\u00e0 enviar informaci\u00f3 sobre els seus serveis, novetats o continguts relacionats amb la seva activitat.<\/p>\n<p data-start=\"10424\" data-end=\"10599\">La subscripci\u00f3 a la newsletter requerir\u00e0 una <strong data-start=\"10469\" data-end=\"10496\">acci\u00f3 afirmativa clara<\/strong> de lusuari. A cada comunicaci\u00f3 s&#8217;oferir\u00e0 un procediment senzill i gratu\u00eft per donar-se de baixa. <\/p>\n<p data-start=\"10601\" data-end=\"10988\"><strong data-start=\"10601\" data-end=\"10637\">9. Dades de navegaci\u00f3 i cookies<\/strong><br data-start=\"10637\" data-end=\"10640\"> Aquest lloc web pot utilitzar galetes t\u00e8cniques i, si escau, galetes anal\u00edtiques o altres tecnologies similars.<br data-start=\"10751\" data-end=\"10754\"> Les galetes no necess\u00e0ries s&#8217;utilitzaran \u00fanicament quan hi hagi prou base legitimadora, en particular el consentiment de l&#8217;usuari quan sigui exigible.<br data-start=\"10913\" data-end=\"10916\"> Podeu consultar informaci\u00f3 m\u00e9s detallada a la <strong data-start=\"10964\" data-end=\"10987\">Pol\u00edtica de Cookies<\/strong> .<\/p>\n<p data-start=\"10990\" data-end=\"11313\"><strong data-start=\"10990\" data-end=\"11007\">10. Seguretat<\/strong><br data-start=\"11007\" data-end=\"11010\"> Cropwing Technologies, SL aplica mesures t\u00e8cniques i organitzatives raonables per protegir les dades personals i evitar la seva p\u00e8rdua, alteraci\u00f3, tractament no autoritzat o acc\u00e9s indegut, tenint en compte l&#8217;estat de la t\u00e8cnica, la naturalesa de les dades i els riscos a qu\u00e8 estan exposats.<\/p>\n<p data-start=\"11315\" data-end=\"11613\"><strong data-start=\"11315\" data-end=\"11338\">11. Menors d&#8217;edat<\/strong><br data-start=\"11338\" data-end=\"11341\"> Els serveis i els continguts d&#8217;aquesta web no estan dirigits espec\u00edficament a menors d&#8217;edat. Si un menor facilit\u00e9s dades personals, ho haur\u00e0 de fer amb la intervenci\u00f3 o autoritzaci\u00f3 dels seus progenitors o representants legals quan aix\u00ed ho exigeixi la normativa aplicable. <\/p>\n<p data-start=\"11615\" data-end=\"11928\"><strong data-start=\"11615\" data-end=\"11651\">12. Actualitzaci\u00f3 de la pol\u00edtica<\/strong><br data-start=\"11651\" data-end=\"11654\"> Cropwing Technologies, SL es reserva el dret a modificar aquesta Pol\u00edtica de Privadesa per adaptar-la a novetats legislatives, jurisprudencials oa canvis en el funcionament del lloc web. En aquest cas, es publicar\u00e0 la versi\u00f3 actualitzada a aquesta mateixa p\u00e0gina. <\/p>\n","protected":false},"excerpt":{"rendered":"<p>1. Responsable del tractament Cropwing Technologies, SL NIF\/CIF: B56674476 Domicili: C\/ Castell\u00f3, 6 Baixos, 08021 Barcelona Correu electr\u00f2nic de contacte: [&hellip;]<\/p>\n","protected":false},"author":1,"featured_media":0,"parent":0,"menu_order":0,"comment_status":"closed","ping_status":"closed","template":"","meta":{"_acf_changed":false,"_seopress_robots_primary_cat":"","_seopress_titles_title":"","_seopress_titles_desc":"","_seopress_robots_index":"","inline_featured_image":false,"site-sidebar-layout":"default","site-content-layout":"","ast-site-content-layout":"narrow-width-container","site-content-style":"default","site-sidebar-style":"default","ast-global-header-display":"","ast-banner-title-visibility":"","ast-main-header-display":"","ast-hfb-above-header-display":"","ast-hfb-below-header-display":"","ast-hfb-mobile-header-display":"","site-post-title":"","ast-breadcrumbs-content":"","ast-featured-img":"","footer-sml-layout":"","ast-disable-related-posts":"","theme-transparent-header-meta":"disabled","adv-header-id-meta":"","stick-header-meta":"","header-above-stick-meta":"","header-main-stick-meta":"","header-below-stick-meta":"","astra-migrate-meta-layouts":"default","ast-page-background-enabled":"default","ast-page-background-meta":{"desktop":{"background-color":"var(--ast-global-color-5)","background-image":"","background-repeat":"repeat","background-position":"center center","background-size":"auto","background-attachment":"scroll","background-type":"","background-media":"","overlay-type":"","overlay-color":"","overlay-opacity":"","overlay-gradient":""},"tablet":{"background-color":"","background-image":"","background-repeat":"repeat","background-position":"center center","background-size":"auto","background-attachment":"scroll","background-type":"","background-media":"","overlay-type":"","overlay-color":"","overlay-opacity":"","overlay-gradient":""},"mobile":{"background-color":"","background-image":"","background-repeat":"repeat","background-position":"center center","background-size":"auto","background-attachment":"scroll","background-type":"","background-media":"","overlay-type":"","overlay-color":"","overlay-opacity":"","overlay-gradient":""}},"ast-content-background-meta":{"desktop":{"background-color":"var(--ast-global-color-4)","background-image":"","background-repeat":"repeat","background-position":"center center","background-size":"auto","background-attachment":"scroll","background-type":"","background-media":"","overlay-type":"","overlay-color":"","overlay-opacity":"","overlay-gradient":""},"tablet":{"background-color":"var(--ast-global-color-4)","background-image":"","background-repeat":"repeat","background-position":"center center","background-size":"auto","background-attachment":"scroll","background-type":"","background-media":"","overlay-type":"","overlay-color":"","overlay-opacity":"","overlay-gradient":""},"mobile":{"background-color":"var(--ast-global-color-4)","background-image":"","background-repeat":"repeat","background-position":"center center","background-size":"auto","background-attachment":"scroll","background-type":"","background-media":"","overlay-type":"","overlay-color":"","overlay-opacity":"","overlay-gradient":""}},"footnotes":""},"class_list":["post-1722","page","type-page","status-publish","hentry"],"acf":[],"_links":{"self":[{"href":"https:\/\/cropwing.es\/ca\/wp-json\/wp\/v2\/pages\/1722","targetHints":{"allow":["GET"]}}],"collection":[{"href":"https:\/\/cropwing.es\/ca\/wp-json\/wp\/v2\/pages"}],"about":[{"href":"https:\/\/cropwing.es\/ca\/wp-json\/wp\/v2\/types\/page"}],"author":[{"embeddable":true,"href":"https:\/\/cropwing.es\/ca\/wp-json\/wp\/v2\/users\/1"}],"replies":[{"embeddable":true,"href":"https:\/\/cropwing.es\/ca\/wp-json\/wp\/v2\/comments?post=1722"}],"version-history":[{"count":0,"href":"https:\/\/cropwing.es\/ca\/wp-json\/wp\/v2\/pages\/1722\/revisions"}],"wp:attachment":[{"href":"https:\/\/cropwing.es\/ca\/wp-json\/wp\/v2\/media?parent=1722"}],"curies":[{"name":"wp","href":"https:\/\/api.w.org\/{rel}","templated":true}]}}