{"id":1716,"date":"2026-03-25T11:59:56","date_gmt":"2026-03-25T11:59:56","guid":{"rendered":"https:\/\/cropwing.es\/avis-legal\/"},"modified":"2026-03-25T11:59:56","modified_gmt":"2026-03-25T11:59:56","slug":"avis-legal","status":"publish","type":"page","link":"https:\/\/cropwing.es\/ca\/avis-legal\/","title":{"rendered":"Av\u00eds legal"},"content":{"rendered":"<p data-start=\"1403\" data-end=\"1615\"><strong data-start=\"1403\" data-end=\"1431\">1. Dades identificatives<\/strong><br data-start=\"1431\" data-end=\"1434\"> En compliment del que disposa la normativa aplicable als serveis de la societat de la informaci\u00f3, s&#8217;informa que aquest lloc web, <strong data-start=\"1580\" data-end=\"1595\">cropwing.es<\/strong> , \u00e9s titularitat de:<\/p>\n<p data-start=\"1617\" data-end=\"1811\"><strong data-start=\"1617\" data-end=\"1648\">Cropwing Technologies, SL<\/strong><br data-start=\"1648\" data-end=\"1651\"> NIF\/CIF: <strong data-start=\"1660\" data-end=\"1673\">B56674476<\/strong><br data-start=\"1673\" data-end=\"1676\"> Domicili social: <strong data-start=\"1694\" data-end=\"1736\">C\/ Castell\u00f3, 6 Baixos, 08021 Barcelona<\/strong><br data-start=\"1736\" data-end=\"1739\"> Correu electr\u00f2nic: <strong data-start=\"1759\" data-end=\"1779\"><a class=\"decorated-link cursor-pointer\" rel=\"noopener\" data-start=\"1761\" data-end=\"1777\">info@cropwing.es<\/a><\/strong><br data-start=\"1779\" data-end=\"1782\"> Tel\u00e8fon: <strong data-start=\"1792\" data-end=\"1811\">+34 659 282 941<\/strong><\/p>\n<p data-start=\"1813\" data-end=\"2135\"><strong data-start=\"1813\" data-end=\"1826\">2. Objecte<\/strong><br data-start=\"1826\" data-end=\"1829\"> Aquest lloc web t\u00e9 per objecte oferir informaci\u00f3 sobre els serveis prestats per Cropwing Technologies, SL, especialment serveis professionals amb drones, aix\u00ed com facilitar la comunicaci\u00f3 amb persones interessades i, si escau, la subscripci\u00f3 a comunicacions informatives o comercials.<\/p>\n<p data-start=\"2137\" data-end=\"2552\"><strong data-start=\"2137\" data-end=\"2162\">3. Condicions d&#8217;\u00fas<\/strong><br data-start=\"2162\" data-end=\"2165\"> L&#8217;acc\u00e9s i l&#8217;\u00fas d&#8217;aquest lloc web atribueix la condici\u00f3 d&#8217;usuari i implica l&#8217;acceptaci\u00f3 d&#8217;aquestes condicions d&#8217;\u00fas.<br data-start=\"2292\" data-end=\"2295\"> L&#8217;usuari es compromet a utilitzar la web, els seus continguts i serveis de conformitat amb la llei, la bona fe, l&#8217;ordre p\u00fablic i les presents condicions, abstenint-se de fer-los servir per a activitats il\u00b7l\u00edcites o lesives de drets i interessos de tercers.<\/p>\n<p data-start=\"2554\" data-end=\"2765\">Cropwing Technologies, SL es reserva el dret de modificar, en qualsevol moment i sense necessitat de previ av\u00eds, la presentaci\u00f3, configuraci\u00f3 i continguts del lloc web, aix\u00ed com les presents condicions.<\/p>\n<p data-start=\"2767\" data-end=\"3229\"><strong data-start=\"2767\" data-end=\"2808\">4. Propietat intel\u00b7lectual i industrial<\/strong><br data-start=\"2808\" data-end=\"2811\"> Tots els continguts del lloc web, incloent-hi, a t\u00edtol enunciatiu i no limitatiu, textos, imatges, dissenys, logotips, arxius, programari, estructura, combinacions de colors, aix\u00ed com qualsevol altre element susceptible de protecci\u00f3, s\u00f3n titularitat de Cropwing Technologies, SL o b\u00e9 disposa dels drets necessaris per al seu \u00fas, i estan protegits per la normativa de propietat intel\u00b7lectual i industrial.<\/p>\n<p data-start=\"3231\" data-end=\"3508\">Queda prohibida la reproducci\u00f3, distribuci\u00f3, transformaci\u00f3, comunicaci\u00f3 p\u00fablica, posada a disposici\u00f3 o qualsevol altra forma dexplotaci\u00f3, total o parcial, sense lautoritzaci\u00f3 pr\u00e8via i per escrit del titular corresponent, llevat dels sup\u00f2sits legalment permesos.<\/p>\n<p data-start=\"3510\" data-end=\"3806\"><strong data-start=\"3510\" data-end=\"3532\">5. Responsabilitat<\/strong><br data-start=\"3532\" data-end=\"3535\"> Cropwing Technologies, SL no garanteix la inexist\u00e8ncia d&#8217;errors en l&#8217;acc\u00e9s al lloc web o en els seus continguts, ni que aquests es trobin actualitzats de forma permanent, si b\u00e9 realitzar\u00e0 esfor\u00e7os raonables per evitar-los, corregir-los o actualitzar-los, si escau.<\/p>\n<p data-start=\"3808\" data-end=\"4082\">Tampoc no es responsabilitza dels danys o perjudicis que es puguin derivar d&#8217;interfer\u00e8ncies, interrupcions, virus inform\u00e0tics, avaries telef\u00f2niques o desconnexions en el funcionament operatiu del sistema electr\u00f2nic motivades per causes alienes al titular del lloc web.<\/p>\n<p data-start=\"4084\" data-end=\"4373\"><strong data-start=\"4084\" data-end=\"4098\">6. Enlla\u00e7os<\/strong><br data-start=\"4098\" data-end=\"4101\"> En cas que el lloc web inclogui enlla\u00e7os a p\u00e0gines de tercers, Cropwing Technologies, SL no assumir\u00e0 cap responsabilitat respecte dels continguts, informacions o serveis que poguessin oferir-se en aquests llocs, que tindran exclusivament car\u00e0cter informatiu.<\/p>\n<p data-start=\"4375\" data-end=\"4617\"><strong data-start=\"4375\" data-end=\"4412\">7. Protecci\u00f3 de dades personals<\/strong><br data-start=\"4412\" data-end=\"4415\"> El tractament de les dades personals demanades a trav\u00e9s d&#8217;aquest lloc web es regir\u00e0 pel que disposa la <strong data-start=\"4524\" data-end=\"4550\">Pol\u00edtica de Privadesa<\/strong> , que l&#8217;usuari pot consultar a l&#8217;enlla\u00e7 habilitat a aquest efecte.<\/p>\n<p data-start=\"4619\" data-end=\"4854\"><strong data-start=\"4619\" data-end=\"4633\">8. Cookies<\/strong><br data-start=\"4633\" data-end=\"4636\"> Aquest lloc web pot utilitzar cookies pr\u00f2pies i de tercers amb finalitats t\u00e8cniques i, si escau, anal\u00edtiques. L&#8217;usuari pot obtenir informaci\u00f3 detallada sobre el seu \u00fas a la corresponent <strong data-start=\"4830\" data-end=\"4853\">Pol\u00edtica de Cookies<\/strong> . <\/p>\n<p data-start=\"4856\" data-end=\"5161\"><strong data-start=\"4856\" data-end=\"4899\">9. Legislaci\u00f3 aplicable i jurisdicci\u00f3<\/strong><br data-start=\"4899\" data-end=\"4902\"> Aquestes condicions es regeixen per la legislaci\u00f3 espanyola.<br data-start=\"4965\" data-end=\"4968\"> Per a qualsevol controv\u00e8rsia que es pugui derivar de l&#8217;acc\u00e9s o l&#8217;\u00fas del lloc web, les parts se sotmetran als jutjats i tribunals que siguin competents d&#8217;acord amb la normativa aplicable.<\/p>\n","protected":false},"excerpt":{"rendered":"<p>1. Dades identificatives En compliment del que disposa la normativa aplicable als serveis de la societat de la informaci\u00f3, s&#8217;informa [&hellip;]<\/p>\n","protected":false},"author":1,"featured_media":0,"parent":0,"menu_order":0,"comment_status":"closed","ping_status":"closed","template":"","meta":{"_acf_changed":false,"_seopress_robots_primary_cat":"","_seopress_titles_title":"","_seopress_titles_desc":"","_seopress_robots_index":"","inline_featured_image":false,"site-sidebar-layout":"default","site-content-layout":"","ast-site-content-layout":"narrow-width-container","site-content-style":"default","site-sidebar-style":"default","ast-global-header-display":"","ast-banner-title-visibility":"","ast-main-header-display":"","ast-hfb-above-header-display":"","ast-hfb-below-header-display":"","ast-hfb-mobile-header-display":"","site-post-title":"","ast-breadcrumbs-content":"","ast-featured-img":"","footer-sml-layout":"","ast-disable-related-posts":"","theme-transparent-header-meta":"disabled","adv-header-id-meta":"","stick-header-meta":"","header-above-stick-meta":"","header-main-stick-meta":"","header-below-stick-meta":"","astra-migrate-meta-layouts":"default","ast-page-background-enabled":"default","ast-page-background-meta":{"desktop":{"background-color":"var(--ast-global-color-5)","background-image":"","background-repeat":"repeat","background-position":"center center","background-size":"auto","background-attachment":"scroll","background-type":"","background-media":"","overlay-type":"","overlay-color":"","overlay-opacity":"","overlay-gradient":""},"tablet":{"background-color":"","background-image":"","background-repeat":"repeat","background-position":"center center","background-size":"auto","background-attachment":"scroll","background-type":"","background-media":"","overlay-type":"","overlay-color":"","overlay-opacity":"","overlay-gradient":""},"mobile":{"background-color":"","background-image":"","background-repeat":"repeat","background-position":"center center","background-size":"auto","background-attachment":"scroll","background-type":"","background-media":"","overlay-type":"","overlay-color":"","overlay-opacity":"","overlay-gradient":""}},"ast-content-background-meta":{"desktop":{"background-color":"var(--ast-global-color-4)","background-image":"","background-repeat":"repeat","background-position":"center center","background-size":"auto","background-attachment":"scroll","background-type":"","background-media":"","overlay-type":"","overlay-color":"","overlay-opacity":"","overlay-gradient":""},"tablet":{"background-color":"var(--ast-global-color-4)","background-image":"","background-repeat":"repeat","background-position":"center center","background-size":"auto","background-attachment":"scroll","background-type":"","background-media":"","overlay-type":"","overlay-color":"","overlay-opacity":"","overlay-gradient":""},"mobile":{"background-color":"var(--ast-global-color-4)","background-image":"","background-repeat":"repeat","background-position":"center center","background-size":"auto","background-attachment":"scroll","background-type":"","background-media":"","overlay-type":"","overlay-color":"","overlay-opacity":"","overlay-gradient":""}},"footnotes":""},"class_list":["post-1716","page","type-page","status-publish","hentry"],"acf":[],"_links":{"self":[{"href":"https:\/\/cropwing.es\/ca\/wp-json\/wp\/v2\/pages\/1716","targetHints":{"allow":["GET"]}}],"collection":[{"href":"https:\/\/cropwing.es\/ca\/wp-json\/wp\/v2\/pages"}],"about":[{"href":"https:\/\/cropwing.es\/ca\/wp-json\/wp\/v2\/types\/page"}],"author":[{"embeddable":true,"href":"https:\/\/cropwing.es\/ca\/wp-json\/wp\/v2\/users\/1"}],"replies":[{"embeddable":true,"href":"https:\/\/cropwing.es\/ca\/wp-json\/wp\/v2\/comments?post=1716"}],"version-history":[{"count":0,"href":"https:\/\/cropwing.es\/ca\/wp-json\/wp\/v2\/pages\/1716\/revisions"}],"wp:attachment":[{"href":"https:\/\/cropwing.es\/ca\/wp-json\/wp\/v2\/media?parent=1716"}],"curies":[{"name":"wp","href":"https:\/\/api.w.org\/{rel}","templated":true}]}}