{"id":1501,"date":"2026-02-02T16:15:45","date_gmt":"2026-02-02T16:15:45","guid":{"rendered":"https:\/\/cropwing.es\/dji-agriculture\/"},"modified":"2026-04-13T09:18:10","modified_gmt":"2026-04-13T09:18:10","slug":"dji-agriculture","status":"publish","type":"page","link":"https:\/\/cropwing.es\/ca\/dji-agriculture\/","title":{"rendered":"DJI Agriculture"},"content":{"rendered":"\t\t<div data-elementor-type=\"wp-page\" data-elementor-id=\"1501\" class=\"elementor elementor-1501 elementor-930\" data-elementor-post-type=\"page\">\n\t\t\t\t<div class=\"elementor-element elementor-element-c3b24c3 e-flex e-con-boxed e-con e-parent\" data-id=\"c3b24c3\" data-element_type=\"container\" data-e-type=\"container\" data-settings=\"{&quot;background_background&quot;:&quot;classic&quot;}\">\n\t\t\t\t\t<div class=\"e-con-inner\">\n\t\t<div class=\"elementor-element elementor-element-f537a4e e-con-full reveal-group e-flex e-con e-child\" data-id=\"f537a4e\" data-element_type=\"container\" data-e-type=\"container\">\n\t\t\t\t<div class=\"elementor-element elementor-element-7af7f84 elementor-widget elementor-widget-heading\" data-id=\"7af7f84\" data-element_type=\"widget\" data-e-type=\"widget\" data-widget_type=\"heading.default\">\n\t\t\t\t<div class=\"elementor-widget-container\">\n\t\t\t\t\t<h1 class=\"elementor-heading-title elementor-size-default\">DJI Agriculture<\/h1>\t\t\t\t<\/div>\n\t\t\t\t<\/div>\n\t\t\t\t<div class=\"elementor-element elementor-element-991f065 elementor-widget elementor-widget-heading\" data-id=\"991f065\" data-element_type=\"widget\" data-e-type=\"widget\" data-widget_type=\"heading.default\">\n\t\t\t\t<div class=\"elementor-widget-container\">\n\t\t\t\t\t<h2 class=\"elementor-heading-title elementor-size-default\">Innovaci\u00f3 per a un camp m\u00e9s eficient i sostenible<\/h2>\t\t\t\t<\/div>\n\t\t\t\t<\/div>\n\t\t\t\t<\/div>\n\t\t\t\t\t<\/div>\n\t\t\t\t<\/div>\n\t\t<div class=\"elementor-element elementor-element-9ff9e3d reveal-group e-flex e-con-boxed e-con e-parent\" data-id=\"9ff9e3d\" data-element_type=\"container\" data-e-type=\"container\">\n\t\t\t\t\t<div class=\"e-con-inner\">\n\t\t<div class=\"elementor-element elementor-element-281a0d3 e-con-full e-flex e-con e-child\" data-id=\"281a0d3\" data-element_type=\"container\" data-e-type=\"container\">\n\t\t\t\t<div class=\"elementor-element elementor-element-039d2ab elementor-widget elementor-widget-heading\" data-id=\"039d2ab\" data-element_type=\"widget\" data-e-type=\"widget\" data-widget_type=\"heading.default\">\n\t\t\t\t<div class=\"elementor-widget-container\">\n\t\t\t\t\t<h3 class=\"elementor-heading-title elementor-size-default\">DJI Agriculture \u00e9s l\u00edder mundial en solucions tecnol\u00f2giques per al sector agr\u00edcola<\/h3>\t\t\t\t<\/div>\n\t\t\t\t<\/div>\n\t\t\t\t<div class=\"elementor-element elementor-element-3e2419f elementor-widget elementor-widget-text-editor\" data-id=\"3e2419f\" data-element_type=\"widget\" data-e-type=\"widget\" data-widget_type=\"text-editor.default\">\n\t\t\t\t<div class=\"elementor-widget-container\">\n\t\t\t\t\t\t\t\t\t<p>Drons i equips d&#8217;avantguarda dissenyats per optimitzar les tasques al camp, augmentar la productivitat i reduir l&#8217;impacte ambiental. Amb una clara aposta per la innovaci\u00f3 i la precisi\u00f3, DJI ha revolucionat la manera com es gestionen els cultius a tot el m\u00f3n.<\/p>\t\t\t\t\t\t\t\t<\/div>\n\t\t\t\t<\/div>\n\t\t\t\t<\/div>\n\t\t<div class=\"elementor-element elementor-element-f7dbea8 e-con-full e-flex e-con e-child\" data-id=\"f7dbea8\" data-element_type=\"container\" data-e-type=\"container\">\n\t\t\t\t<\/div>\n\t\t<div class=\"elementor-element elementor-element-cff710a e-con-full e-flex e-con e-child\" data-id=\"cff710a\" data-element_type=\"container\" data-e-type=\"container\">\n\t\t<div class=\"elementor-element elementor-element-6072b56 e-con-full reveal-group e-flex e-con e-child\" data-id=\"6072b56\" data-element_type=\"container\" data-e-type=\"container\" data-settings=\"{&quot;background_background&quot;:&quot;classic&quot;}\">\n\t\t<div class=\"elementor-element elementor-element-1220f95 e-con-full e-flex e-con e-child\" data-id=\"1220f95\" data-element_type=\"container\" data-e-type=\"container\">\n\t\t\t\t<div class=\"elementor-element elementor-element-87f86c9 elementor-widget elementor-widget-text-editor\" data-id=\"87f86c9\" data-element_type=\"widget\" data-e-type=\"widget\" data-widget_type=\"text-editor.default\">\n\t\t\t\t<div class=\"elementor-widget-container\">\n\t\t\t\t\t\t\t\t\t<p>Els drones agr\u00edcoles de DJI permeten realitzar aplicacions de productes fitosanitaris, fertilitzants i llavors de manera precisa i eficient, adaptant-se a les necessitats de cada terreny i cultiu. A m\u00e9s, les solucions de monitoritzaci\u00f3 i an\u00e0lisi de dades ofereixen als agricultors informaci\u00f3 clau per prendre decisions m\u00e9s informades i sostenibles.<\/p>\t\t\t\t\t\t\t\t<\/div>\n\t\t\t\t<\/div>\n\t\t\t\t<\/div>\n\t\t<div class=\"elementor-element elementor-element-86763cd e-con-full e-flex e-con e-child\" data-id=\"86763cd\" data-element_type=\"container\" data-e-type=\"container\">\n\t\t\t\t<div class=\"elementor-element elementor-element-189001e elementor-widget elementor-widget-text-editor\" data-id=\"189001e\" data-element_type=\"widget\" data-e-type=\"widget\" data-widget_type=\"text-editor.default\">\n\t\t\t\t<div class=\"elementor-widget-container\">\n\t\t\t\t\t\t\t\t\t<p>Com a distribu\u00efdor oficial de DJI Agriculture, CROPWING posa a disposici\u00f3 dels professionals del sector tota la gamma de productes i serveis de la marca, amb assessorament aeron\u00e0utic, t\u00e8cnic especialitzat i suport postvenda de proximitat. El nostre objectiu \u00e9s apropar la tecnologia m\u00e9s avan\u00e7ada al camp, ajudant els agricultors a millorar l&#8217;efici\u00e8ncia, reduir costos i impulsar una agricultura m\u00e9s intel\u00b7ligent i respectuosa amb el medi ambient.<\/p>\t\t\t\t\t\t\t\t<\/div>\n\t\t\t\t<\/div>\n\t\t\t\t<\/div>\n\t\t\t\t<\/div>\n\t\t\t\t<\/div>\n\t\t\t\t\t<\/div>\n\t\t\t\t<\/div>\n\t\t<div class=\"elementor-element elementor-element-6c74b53 e-flex e-con-boxed e-con e-parent\" data-id=\"6c74b53\" data-element_type=\"container\" data-e-type=\"container\">\n\t\t\t\t\t<div class=\"e-con-inner\">\n\t\t\t\t<div class=\"elementor-element elementor-element-b52c261 elementor-widget-divider--view-line elementor-widget elementor-widget-divider\" data-id=\"b52c261\" data-element_type=\"widget\" data-e-type=\"widget\" data-widget_type=\"divider.default\">\n\t\t\t\t<div class=\"elementor-widget-container\">\n\t\t\t\t\t\t\t<div class=\"elementor-divider\">\n\t\t\t<span class=\"elementor-divider-separator\">\n\t\t\t\t\t\t<\/span>\n\t\t<\/div>\n\t\t\t\t\t\t<\/div>\n\t\t\t\t<\/div>\n\t\t\t\t\t<\/div>\n\t\t\t\t<\/div>\n\t\t<div class=\"elementor-element elementor-element-328a644 reveal-group e-flex e-con-boxed e-con e-parent\" data-id=\"328a644\" data-element_type=\"container\" data-e-type=\"container\">\n\t\t\t\t\t<div class=\"e-con-inner\">\n\t\t<div class=\"elementor-element elementor-element-fda3005 e-con-full e-flex e-con e-child\" data-id=\"fda3005\" data-element_type=\"container\" data-e-type=\"container\">\n\t\t<div class=\"elementor-element elementor-element-59d17ed e-con-full e-flex e-con e-child\" data-id=\"59d17ed\" data-element_type=\"container\" data-e-type=\"container\">\n\t\t\t\t<div class=\"elementor-element elementor-element-2b3c6fe elementor-widget elementor-widget-heading\" data-id=\"2b3c6fe\" data-element_type=\"widget\" data-e-type=\"widget\" data-widget_type=\"heading.default\">\n\t\t\t\t<div class=\"elementor-widget-container\">\n\t\t\t\t\t<h2 class=\"elementor-heading-title elementor-size-default\">La flota per a agricultura m\u00e9s avan\u00e7ada del mercat<\/h2>\t\t\t\t<\/div>\n\t\t\t\t<\/div>\n\t\t\t\t<div class=\"elementor-element elementor-element-e002a82 elementor-widget elementor-widget-text-editor\" data-id=\"e002a82\" data-element_type=\"widget\" data-e-type=\"widget\" data-widget_type=\"text-editor.default\">\n\t\t\t\t<div class=\"elementor-widget-container\">\n\t\t\t\t\t\t\t\t\t<p>Com a distribu\u00efdor oficial, CROPWING posa a la teva disposici\u00f3 els seg\u00fcents models de DJI Agriculture<\/p>\t\t\t\t\t\t\t\t<\/div>\n\t\t\t\t<\/div>\n\t\t\t\t<\/div>\n\t\t\t\t<\/div>\n\t\t<div class=\"elementor-element elementor-element-77b3a87 e-con-full e-flex e-con e-child\" data-id=\"77b3a87\" data-element_type=\"container\" data-e-type=\"container\">\n\t\t\t\t<div class=\"elementor-element elementor-element-8ca269d elementor-grid-2 elementor-grid-tablet-2 elementor-grid-mobile-1 elementor-widget elementor-widget-loop-grid\" data-id=\"8ca269d\" data-element_type=\"widget\" data-e-type=\"widget\" data-settings=\"{&quot;template_id&quot;:1659,&quot;columns&quot;:2,&quot;_skin&quot;:&quot;post&quot;,&quot;columns_tablet&quot;:&quot;2&quot;,&quot;columns_mobile&quot;:&quot;1&quot;,&quot;edit_handle_selector&quot;:&quot;[data-elementor-type=\\&quot;loop-item\\&quot;]&quot;,&quot;row_gap&quot;:{&quot;unit&quot;:&quot;px&quot;,&quot;size&quot;:&quot;&quot;,&quot;sizes&quot;:[]},&quot;row_gap_tablet&quot;:{&quot;unit&quot;:&quot;px&quot;,&quot;size&quot;:&quot;&quot;,&quot;sizes&quot;:[]},&quot;row_gap_mobile&quot;:{&quot;unit&quot;:&quot;px&quot;,&quot;size&quot;:&quot;&quot;,&quot;sizes&quot;:[]}}\" data-widget_type=\"loop-grid.post\">\n\t\t\t\t<div class=\"elementor-widget-container\">\n\t\t\t\t\t\t\t<div class=\"elementor-loop-container elementor-grid\" role=\"list\">\n\t\t<style id=\"loop-1659\">.elementor-1659 .elementor-element.elementor-element-fe1559c{--display:flex;--flex-direction:column;--container-widget-width:100%;--container-widget-height:initial;--container-widget-flex-grow:0;--container-widget-align-self:initial;--flex-wrap-mobile:wrap;--background-transition:0.8s;border-style:solid;--border-style:solid;border-width:1px 1px 1px 1px;--border-top-width:1px;--border-right-width:1px;--border-bottom-width:1px;--border-left-width:1px;border-color:#40454F;--border-color:#40454F;--border-radius:10px 10px 10px 10px;--padding-top:0px;--padding-bottom:0px;--padding-left:0px;--padding-right:0px;}.elementor-1659 .elementor-element.elementor-element-fe1559c:not(.elementor-motion-effects-element-type-background), .elementor-1659 .elementor-element.elementor-element-fe1559c > .elementor-motion-effects-container > .elementor-motion-effects-layer{background-color:#162F42;}.elementor-1659 .elementor-element.elementor-element-fe1559c:hover{background-color:var( --e-global-color-primary );}.elementor-1659 .elementor-element.elementor-element-201a219 img{border-radius:10px 10px 0px 0px;}.elementor-1659 .elementor-element.elementor-element-6bbb761{text-align:center;}.elementor-1659 .elementor-element.elementor-element-6bbb761 .elementor-heading-title{font-weight:400;text-transform:uppercase;color:var( --e-global-color-astglobalcolor4 );}.elementor-1659 .elementor-element.elementor-element-6bbb761 > .elementor-widget-container{padding:10px 25px 25px 25px;}<\/style>\t\t<div data-elementor-type=\"loop-item\" data-elementor-id=\"1659\" class=\"elementor elementor-1659 elementor-253 elementor-253 e-loop-item e-loop-item-1638 post-1638 dron type-dron status-publish has-post-thumbnail hentry category-agricultura\" data-elementor-post-type=\"elementor_library\" data-custom-edit-handle=\"1\">\n\t\t\t<a class=\"elementor-element elementor-element-fe1559c reveal-group e-flex e-con-boxed e-con e-parent\" data-id=\"fe1559c\" data-element_type=\"container\" data-e-type=\"container\" data-settings=\"{&quot;background_background&quot;:&quot;classic&quot;}\" href=\"https:\/\/cropwing.es\/ca\/flota\/#anchor-1638\">\n\t\t\t\t\t<div class=\"e-con-inner\">\n\t\t\t\t<div class=\"elementor-element elementor-element-201a219 elementor-widget elementor-widget-theme-post-featured-image elementor-widget-image\" data-id=\"201a219\" data-element_type=\"widget\" data-e-type=\"widget\" data-widget_type=\"theme-post-featured-image.default\">\n\t\t\t\t<div class=\"elementor-widget-container\">\n\t\t\t\t\t\t\t\t\t\t\t\t\t\t\t<img alt=\"\" fetchpriority=\"high\" decoding=\"async\" width=\"900\" height=\"506\" src=\"https:\/\/cropwing.es\/wp-content\/uploads\/2025\/09\/drones-cropwing_0002_agrast50.jpg\" class=\"attachment-large size-large wp-image-1637\" alt=\"\" srcset=\"https:\/\/cropwing.es\/wp-content\/uploads\/2025\/09\/drones-cropwing_0002_agrast50.jpg 900w, https:\/\/cropwing.es\/wp-content\/uploads\/2025\/09\/drones-cropwing_0002_agrast50-300x169.jpg 300w, https:\/\/cropwing.es\/wp-content\/uploads\/2025\/09\/drones-cropwing_0002_agrast50-768x432.jpg 768w\" sizes=\"(max-width: 900px) 100vw, 900px\" \/>\t\t\t\t\t\t\t\t\t\t\t\t\t\t\t<\/div>\n\t\t\t\t<\/div>\n\t\t\t\t<div class=\"elementor-element elementor-element-6bbb761 elementor-widget elementor-widget-theme-post-title elementor-page-title elementor-widget-heading\" data-id=\"6bbb761\" data-element_type=\"widget\" data-e-type=\"widget\" data-widget_type=\"theme-post-title.default\">\n\t\t\t\t<div class=\"elementor-widget-container\">\n\t\t\t\t\t<h3 class=\"elementor-heading-title elementor-size-default\">DJI Agras T50<\/h3>\t\t\t\t<\/div>\n\t\t\t\t<\/div>\n\t\t\t\t\t<\/div>\n\t\t\t\t<\/a>\n\t\t\t\t<\/div>\n\t\t\t\t<div data-elementor-type=\"loop-item\" data-elementor-id=\"1659\" class=\"elementor elementor-1659 elementor-253 elementor-253 e-loop-item e-loop-item-1636 post-1636 dron type-dron status-publish has-post-thumbnail hentry category-agricultura\" data-elementor-post-type=\"elementor_library\" data-custom-edit-handle=\"1\">\n\t\t\t<a class=\"elementor-element elementor-element-fe1559c reveal-group e-flex e-con-boxed e-con e-parent\" data-id=\"fe1559c\" data-element_type=\"container\" data-e-type=\"container\" data-settings=\"{&quot;background_background&quot;:&quot;classic&quot;}\" href=\"https:\/\/cropwing.es\/ca\/flota\/#anchor-1636\">\n\t\t\t\t\t<div class=\"e-con-inner\">\n\t\t\t\t<div class=\"elementor-element elementor-element-201a219 elementor-widget elementor-widget-theme-post-featured-image elementor-widget-image\" data-id=\"201a219\" data-element_type=\"widget\" data-e-type=\"widget\" data-widget_type=\"theme-post-featured-image.default\">\n\t\t\t\t<div class=\"elementor-widget-container\">\n\t\t\t\t\t\t\t\t\t\t\t\t\t\t\t<img alt=\"\" decoding=\"async\" width=\"900\" height=\"506\" src=\"https:\/\/cropwing.es\/wp-content\/uploads\/2026\/02\/mavict25.jpg\" class=\"attachment-large size-large wp-image-1633\" alt=\"\" srcset=\"https:\/\/cropwing.es\/wp-content\/uploads\/2026\/02\/mavict25.jpg 900w, https:\/\/cropwing.es\/wp-content\/uploads\/2026\/02\/mavict25-300x169.jpg 300w, https:\/\/cropwing.es\/wp-content\/uploads\/2026\/02\/mavict25-768x432.jpg 768w\" sizes=\"(max-width: 900px) 100vw, 900px\" \/>\t\t\t\t\t\t\t\t\t\t\t\t\t\t\t<\/div>\n\t\t\t\t<\/div>\n\t\t\t\t<div class=\"elementor-element elementor-element-6bbb761 elementor-widget elementor-widget-theme-post-title elementor-page-title elementor-widget-heading\" data-id=\"6bbb761\" data-element_type=\"widget\" data-e-type=\"widget\" data-widget_type=\"theme-post-title.default\">\n\t\t\t\t<div class=\"elementor-widget-container\">\n\t\t\t\t\t<h3 class=\"elementor-heading-title elementor-size-default\">DJI Agras T25P<\/h3>\t\t\t\t<\/div>\n\t\t\t\t<\/div>\n\t\t\t\t\t<\/div>\n\t\t\t\t<\/a>\n\t\t\t\t<\/div>\n\t\t\t\t<div data-elementor-type=\"loop-item\" data-elementor-id=\"1659\" class=\"elementor elementor-1659 elementor-253 elementor-253 e-loop-item e-loop-item-1630 post-1630 dron type-dron status-publish has-post-thumbnail hentry category-agricultura\" data-elementor-post-type=\"elementor_library\" data-custom-edit-handle=\"1\">\n\t\t\t<a class=\"elementor-element elementor-element-fe1559c reveal-group e-flex e-con-boxed e-con e-parent\" data-id=\"fe1559c\" data-element_type=\"container\" data-e-type=\"container\" data-settings=\"{&quot;background_background&quot;:&quot;classic&quot;}\" href=\"https:\/\/cropwing.es\/ca\/flota\/#anchor-1630\">\n\t\t\t\t\t<div class=\"e-con-inner\">\n\t\t\t\t<div class=\"elementor-element elementor-element-201a219 elementor-widget elementor-widget-theme-post-featured-image elementor-widget-image\" data-id=\"201a219\" data-element_type=\"widget\" data-e-type=\"widget\" data-widget_type=\"theme-post-featured-image.default\">\n\t\t\t\t<div class=\"elementor-widget-container\">\n\t\t\t\t\t\t\t\t\t\t\t\t\t\t\t<img alt=\"\" decoding=\"async\" width=\"900\" height=\"506\" src=\"https:\/\/cropwing.es\/wp-content\/uploads\/2026\/02\/mavictp70.jpg\" class=\"attachment-large size-large wp-image-1629\" alt=\"\" srcset=\"https:\/\/cropwing.es\/wp-content\/uploads\/2026\/02\/mavictp70.jpg 900w, https:\/\/cropwing.es\/wp-content\/uploads\/2026\/02\/mavictp70-300x169.jpg 300w, https:\/\/cropwing.es\/wp-content\/uploads\/2026\/02\/mavictp70-768x432.jpg 768w\" sizes=\"(max-width: 900px) 100vw, 900px\" \/>\t\t\t\t\t\t\t\t\t\t\t\t\t\t\t<\/div>\n\t\t\t\t<\/div>\n\t\t\t\t<div class=\"elementor-element elementor-element-6bbb761 elementor-widget elementor-widget-theme-post-title elementor-page-title elementor-widget-heading\" data-id=\"6bbb761\" data-element_type=\"widget\" data-e-type=\"widget\" data-widget_type=\"theme-post-title.default\">\n\t\t\t\t<div class=\"elementor-widget-container\">\n\t\t\t\t\t<h3 class=\"elementor-heading-title elementor-size-default\">DJI Agras T70P<\/h3>\t\t\t\t<\/div>\n\t\t\t\t<\/div>\n\t\t\t\t\t<\/div>\n\t\t\t\t<\/a>\n\t\t\t\t<\/div>\n\t\t\t\t<div data-elementor-type=\"loop-item\" data-elementor-id=\"1659\" class=\"elementor elementor-1659 elementor-253 elementor-253 e-loop-item e-loop-item-1626 post-1626 dron type-dron status-publish has-post-thumbnail hentry category-agricultura\" data-elementor-post-type=\"elementor_library\" data-custom-edit-handle=\"1\">\n\t\t\t<a class=\"elementor-element elementor-element-fe1559c reveal-group e-flex e-con-boxed e-con e-parent\" data-id=\"fe1559c\" data-element_type=\"container\" data-e-type=\"container\" data-settings=\"{&quot;background_background&quot;:&quot;classic&quot;}\" href=\"https:\/\/cropwing.es\/ca\/flota\/#anchor-1626\">\n\t\t\t\t\t<div class=\"e-con-inner\">\n\t\t\t\t<div class=\"elementor-element elementor-element-201a219 elementor-widget elementor-widget-theme-post-featured-image elementor-widget-image\" data-id=\"201a219\" data-element_type=\"widget\" data-e-type=\"widget\" data-widget_type=\"theme-post-featured-image.default\">\n\t\t\t\t<div class=\"elementor-widget-container\">\n\t\t\t\t\t\t\t\t\t\t\t\t\t\t\t<img alt=\"\" loading=\"lazy\" decoding=\"async\" width=\"900\" height=\"506\" src=\"https:\/\/cropwing.es\/wp-content\/uploads\/2026\/02\/mavictp100.jpg\" class=\"attachment-large size-large wp-image-1625\" alt=\"\" srcset=\"https:\/\/cropwing.es\/wp-content\/uploads\/2026\/02\/mavictp100.jpg 900w, https:\/\/cropwing.es\/wp-content\/uploads\/2026\/02\/mavictp100-300x169.jpg 300w, https:\/\/cropwing.es\/wp-content\/uploads\/2026\/02\/mavictp100-768x432.jpg 768w\" sizes=\"(max-width: 900px) 100vw, 900px\" \/>\t\t\t\t\t\t\t\t\t\t\t\t\t\t\t<\/div>\n\t\t\t\t<\/div>\n\t\t\t\t<div class=\"elementor-element elementor-element-6bbb761 elementor-widget elementor-widget-theme-post-title elementor-page-title elementor-widget-heading\" data-id=\"6bbb761\" data-element_type=\"widget\" data-e-type=\"widget\" data-widget_type=\"theme-post-title.default\">\n\t\t\t\t<div class=\"elementor-widget-container\">\n\t\t\t\t\t<h3 class=\"elementor-heading-title elementor-size-default\">DJI Agras T100<\/h3>\t\t\t\t<\/div>\n\t\t\t\t<\/div>\n\t\t\t\t\t<\/div>\n\t\t\t\t<\/a>\n\t\t\t\t<\/div>\n\t\t\t\t<\/div>\n\t\t\n\t\t\t\t\t\t<\/div>\n\t\t\t\t<\/div>\n\t\t\t\t<\/div>\n\t\t<div class=\"elementor-element elementor-element-03c7461 e-con-full e-flex e-con e-child\" data-id=\"03c7461\" data-element_type=\"container\" data-e-type=\"container\">\n\t\t\t\t<div class=\"elementor-element elementor-element-eb2df7d elementor-widget elementor-widget-button\" data-id=\"eb2df7d\" data-element_type=\"widget\" data-e-type=\"widget\" data-widget_type=\"button.default\">\n\t\t\t\t<div class=\"elementor-widget-container\">\n\t\t\t\t\t\t\t\t\t<div class=\"elementor-button-wrapper\">\n\t\t\t\t\t<a class=\"elementor-button elementor-button-link elementor-size-sm\" href=\"https:\/\/cropwing.es\/ca\/contacte\/\">\n\t\t\t\t\t\t<span class=\"elementor-button-content-wrapper\">\n\t\t\t\t\t\t\t\t\t<span class=\"elementor-button-text\">Contacta amb nosaltres<\/span>\n\t\t\t\t\t<\/span>\n\t\t\t\t\t<\/a>\n\t\t\t\t<\/div>\n\t\t\t\t\t\t\t\t<\/div>\n\t\t\t\t<\/div>\n\t\t\t\t<\/div>\n\t\t\t\t\t<\/div>\n\t\t\t\t<\/div>\n\t\t\t\t<\/div>\n\t\t","protected":false},"excerpt":{"rendered":"<p>DJI Agriculture Innovaci\u00f3 per a un camp m\u00e9s eficient i sostenible DJI Agriculture \u00e9s l\u00edder mundial en solucions tecnol\u00f2giques per [&hellip;]<\/p>\n","protected":false},"author":1,"featured_media":0,"parent":0,"menu_order":0,"comment_status":"closed","ping_status":"closed","template":"","meta":{"_acf_changed":false,"_seopress_robots_primary_cat":"","_seopress_titles_title":"","_seopress_titles_desc":"","_seopress_robots_index":"","inline_featured_image":false,"site-sidebar-layout":"no-sidebar","site-content-layout":"","ast-site-content-layout":"full-width-container","site-content-style":"default","site-sidebar-style":"default","ast-global-header-display":"","ast-banner-title-visibility":"","ast-main-header-display":"","ast-hfb-above-header-display":"","ast-hfb-below-header-display":"","ast-hfb-mobile-header-display":"","site-post-title":"disabled","ast-breadcrumbs-content":"","ast-featured-img":"disabled","footer-sml-layout":"","ast-disable-related-posts":"","theme-transparent-header-meta":"default","adv-header-id-meta":"","stick-header-meta":"","header-above-stick-meta":"","header-main-stick-meta":"","header-below-stick-meta":"","astra-migrate-meta-layouts":"default","ast-page-background-enabled":"default","ast-page-background-meta":{"desktop":{"background-color":"var(--ast-global-color-5)","background-image":"","background-repeat":"repeat","background-position":"center center","background-size":"auto","background-attachment":"scroll","background-type":"","background-media":"","overlay-type":"","overlay-color":"","overlay-opacity":"","overlay-gradient":""},"tablet":{"background-color":"","background-image":"","background-repeat":"repeat","background-position":"center center","background-size":"auto","background-attachment":"scroll","background-type":"","background-media":"","overlay-type":"","overlay-color":"","overlay-opacity":"","overlay-gradient":""},"mobile":{"background-color":"","background-image":"","background-repeat":"repeat","background-position":"center center","background-size":"auto","background-attachment":"scroll","background-type":"","background-media":"","overlay-type":"","overlay-color":"","overlay-opacity":"","overlay-gradient":""}},"ast-content-background-meta":{"desktop":{"background-color":"var(--ast-global-color-4)","background-image":"","background-repeat":"repeat","background-position":"center center","background-size":"auto","background-attachment":"scroll","background-type":"","background-media":"","overlay-type":"","overlay-color":"","overlay-opacity":"","overlay-gradient":""},"tablet":{"background-color":"var(--ast-global-color-4)","background-image":"","background-repeat":"repeat","background-position":"center center","background-size":"auto","background-attachment":"scroll","background-type":"","background-media":"","overlay-type":"","overlay-color":"","overlay-opacity":"","overlay-gradient":""},"mobile":{"background-color":"var(--ast-global-color-4)","background-image":"","background-repeat":"repeat","background-position":"center center","background-size":"auto","background-attachment":"scroll","background-type":"","background-media":"","overlay-type":"","overlay-color":"","overlay-opacity":"","overlay-gradient":""}},"footnotes":""},"class_list":["post-1501","page","type-page","status-publish","hentry"],"acf":[],"_links":{"self":[{"href":"https:\/\/cropwing.es\/ca\/wp-json\/wp\/v2\/pages\/1501","targetHints":{"allow":["GET"]}}],"collection":[{"href":"https:\/\/cropwing.es\/ca\/wp-json\/wp\/v2\/pages"}],"about":[{"href":"https:\/\/cropwing.es\/ca\/wp-json\/wp\/v2\/types\/page"}],"author":[{"embeddable":true,"href":"https:\/\/cropwing.es\/ca\/wp-json\/wp\/v2\/users\/1"}],"replies":[{"embeddable":true,"href":"https:\/\/cropwing.es\/ca\/wp-json\/wp\/v2\/comments?post=1501"}],"version-history":[{"count":1,"href":"https:\/\/cropwing.es\/ca\/wp-json\/wp\/v2\/pages\/1501\/revisions"}],"predecessor-version":[{"id":1502,"href":"https:\/\/cropwing.es\/ca\/wp-json\/wp\/v2\/pages\/1501\/revisions\/1502"}],"wp:attachment":[{"href":"https:\/\/cropwing.es\/ca\/wp-json\/wp\/v2\/media?parent=1501"}],"curies":[{"name":"wp","href":"https:\/\/api.w.org\/{rel}","templated":true}]}}