{"id":1490,"date":"2025-09-24T07:23:15","date_gmt":"2025-09-24T07:23:15","guid":{"rendered":"https:\/\/cropwing.es\/manteniment\/"},"modified":"2026-04-13T09:17:30","modified_gmt":"2026-04-13T09:17:30","slug":"manteniment","status":"publish","type":"page","link":"https:\/\/cropwing.es\/ca\/manteniment\/","title":{"rendered":"Manteniment"},"content":{"rendered":"\t\t<div data-elementor-type=\"wp-page\" data-elementor-id=\"1490\" class=\"elementor elementor-1490 elementor-678\" data-elementor-post-type=\"page\">\n\t\t\t\t<div class=\"elementor-element elementor-element-c3b24c3 e-flex e-con-boxed e-con e-parent\" data-id=\"c3b24c3\" data-element_type=\"container\" data-e-type=\"container\" data-settings=\"{&quot;background_background&quot;:&quot;classic&quot;}\">\n\t\t\t\t\t<div class=\"e-con-inner\">\n\t\t<div class=\"elementor-element elementor-element-f537a4e e-con-full reveal-group e-flex e-con e-child\" data-id=\"f537a4e\" data-element_type=\"container\" data-e-type=\"container\">\n\t\t\t\t<div class=\"elementor-element elementor-element-7af7f84 elementor-widget elementor-widget-heading\" data-id=\"7af7f84\" data-element_type=\"widget\" data-e-type=\"widget\" data-widget_type=\"heading.default\">\n\t\t\t\t<div class=\"elementor-widget-container\">\n\t\t\t\t\t<h1 class=\"elementor-heading-title elementor-size-default\">Servei t\u00e8cnic de drons<\/h1>\t\t\t\t<\/div>\n\t\t\t\t<\/div>\n\t\t\t\t<div class=\"elementor-element elementor-element-991f065 elementor-widget elementor-widget-heading\" data-id=\"991f065\" data-element_type=\"widget\" data-e-type=\"widget\" data-widget_type=\"heading.default\">\n\t\t\t\t<div class=\"elementor-widget-container\">\n\t\t\t\t\t<h2 class=\"elementor-heading-title elementor-size-default\">Diagn\u00f2stic prec\u00eds, reparacions i assessorament expert\n<\/h2>\t\t\t\t<\/div>\n\t\t\t\t<\/div>\n\t\t\t\t<\/div>\n\t\t\t\t\t<\/div>\n\t\t\t\t<\/div>\n\t\t<div class=\"elementor-element elementor-element-5673997 reveal-group e-flex e-con-boxed e-con e-parent\" data-id=\"5673997\" data-element_type=\"container\" data-e-type=\"container\" data-settings=\"{&quot;background_background&quot;:&quot;classic&quot;}\">\n\t\t\t\t\t<div class=\"e-con-inner\">\n\t\t<div class=\"elementor-element elementor-element-d883856 e-con-full e-flex e-con e-child\" data-id=\"d883856\" data-element_type=\"container\" data-e-type=\"container\">\n\t\t<div class=\"elementor-element elementor-element-83b4748 e-con-full e-flex e-con e-child\" data-id=\"83b4748\" data-element_type=\"container\" data-e-type=\"container\">\n\t\t\t\t<div class=\"elementor-element elementor-element-039d2ab elementor-widget elementor-widget-heading\" data-id=\"039d2ab\" data-element_type=\"widget\" data-e-type=\"widget\" data-widget_type=\"heading.default\">\n\t\t\t\t<div class=\"elementor-widget-container\">\n\t\t\t\t\t<h2 class=\"elementor-heading-title elementor-size-default\">Diagn\u00f2stic, reparaci\u00f3 i assessorament personalitzat<\/h2>\t\t\t\t<\/div>\n\t\t\t\t<\/div>\n\t\t\t\t<\/div>\n\t\t\t\t<\/div>\n\t\t<div class=\"elementor-element elementor-element-0fae010 e-con-full e-flex e-con e-child\" data-id=\"0fae010\" data-element_type=\"container\" data-e-type=\"container\">\n\t\t<div class=\"elementor-element elementor-element-568ff70 e-con-full e-flex e-con e-child\" data-id=\"568ff70\" data-element_type=\"container\" data-e-type=\"container\">\n\t\t\t\t<div class=\"elementor-element elementor-element-3e2419f elementor-widget elementor-widget-text-editor\" data-id=\"3e2419f\" data-element_type=\"widget\" data-e-type=\"widget\" data-widget_type=\"text-editor.default\">\n\t\t\t\t<div class=\"elementor-widget-container\">\n\t\t\t\t\t\t\t\t\t<p>A CROPWING sabem que el rendiment i la fiabilitat dels drons s\u00f3n essencials per garantir operacions eficients i segures, tant al camp com en entorns industrials. Per aix\u00f2 t\u2019oferim un servei de manteniment t\u00e8cnic amb criteris d\u2019exig\u00e8ncia aeron\u00e0utica, pensat per maximitzar la vida \u00fatil dels equips. <\/p><p>Comptem amb un equip amb experi\u00e8ncia en helic\u00f2pters i aeron\u00e0utica, que aplica protocols rigorosos tant en manteniments preventius com correctius, calibratge i reparaci\u00f3 per a qualsevol model de dron, fins i tot els de darrera generaci\u00f3, per exemple:<\/p>\t\t\t\t\t\t\t\t<\/div>\n\t\t\t\t<\/div>\n\t\t\t\t<\/div>\n\t\t<div class=\"elementor-element elementor-element-470807d e-con-full reveal-group e-flex e-con e-child\" data-id=\"470807d\" data-element_type=\"container\" data-e-type=\"container\">\n\t\t<div class=\"elementor-element elementor-element-8fd5dd9 e-con-full e-flex e-con e-child\" data-id=\"8fd5dd9\" data-element_type=\"container\" data-e-type=\"container\">\n\t\t<div class=\"elementor-element elementor-element-45dd7ee e-con-full e-flex e-con e-child\" data-id=\"45dd7ee\" data-element_type=\"container\" data-e-type=\"container\" data-settings=\"{&quot;background_background&quot;:&quot;classic&quot;}\">\n\t\t\t\t<div class=\"elementor-element elementor-element-20662ec elementor-widget elementor-widget-icon-box\" data-id=\"20662ec\" data-element_type=\"widget\" data-e-type=\"widget\" data-widget_type=\"icon-box.default\">\n\t\t\t\t<div class=\"elementor-widget-container\">\n\t\t\t\t\t\t\t<div class=\"elementor-icon-box-wrapper\">\n\n\t\t\t\n\t\t\t\t\t\t<div class=\"elementor-icon-box-content\">\n\n\t\t\t\t\t\t\t\t\t<h3 class=\"elementor-icon-box-title\">\n\t\t\t\t\t\t<span  >\n\t\t\t\t\t\t\tDJI AGRAS T10, T30 y T50\t\t\t\t\t\t<\/span>\n\t\t\t\t\t<\/h3>\n\t\t\t\t\n\t\t\t\t\t\t\t\t\t<p class=\"elementor-icon-box-description\">\n\t\t\t\t\t\tEspecialitzats en polvoritzaci\u00f3 agr\u00edcola d\u2019alta precisi\u00f3.\t\t\t\t\t<\/p>\n\t\t\t\t\n\t\t\t<\/div>\n\t\t\t\n\t\t<\/div>\n\t\t\t\t\t\t<\/div>\n\t\t\t\t<\/div>\n\t\t\t\t<\/div>\n\t\t\t\t<\/div>\n\t\t<div class=\"elementor-element elementor-element-7a27ed9 e-con-full e-flex e-con e-child\" data-id=\"7a27ed9\" data-element_type=\"container\" data-e-type=\"container\">\n\t\t<div class=\"elementor-element elementor-element-de20a50 e-con-full e-flex e-con e-child\" data-id=\"de20a50\" data-element_type=\"container\" data-e-type=\"container\" data-settings=\"{&quot;background_background&quot;:&quot;classic&quot;}\">\n\t\t\t\t<div class=\"elementor-element elementor-element-728b75a elementor-widget elementor-widget-icon-box\" data-id=\"728b75a\" data-element_type=\"widget\" data-e-type=\"widget\" data-widget_type=\"icon-box.default\">\n\t\t\t\t<div class=\"elementor-widget-container\">\n\t\t\t\t\t\t\t<div class=\"elementor-icon-box-wrapper\">\n\n\t\t\t\n\t\t\t\t\t\t<div class=\"elementor-icon-box-content\">\n\n\t\t\t\t\t\t\t\t\t<h3 class=\"elementor-icon-box-title\">\n\t\t\t\t\t\t<span  >\n\t\t\t\t\t\t\tMavic 3M\t\t\t\t\t\t<\/span>\n\t\t\t\t\t<\/h3>\n\t\t\t\t\n\t\t\t\t\t\t\t\t\t<p class=\"elementor-icon-box-description\">\n\t\t\t\t\t\tEquipat amb sensors multiespectrals per al monitoratge avan\u00e7at de cultius\t\t\t\t\t<\/p>\n\t\t\t\t\n\t\t\t<\/div>\n\t\t\t\n\t\t<\/div>\n\t\t\t\t\t\t<\/div>\n\t\t\t\t<\/div>\n\t\t\t\t<\/div>\n\t\t\t\t<\/div>\n\t\t<div class=\"elementor-element elementor-element-34811c3 e-con-full e-flex e-con e-child\" data-id=\"34811c3\" data-element_type=\"container\" data-e-type=\"container\">\n\t\t<div class=\"elementor-element elementor-element-782b611 e-con-full e-flex e-con e-child\" data-id=\"782b611\" data-element_type=\"container\" data-e-type=\"container\" data-settings=\"{&quot;background_background&quot;:&quot;classic&quot;}\">\n\t\t\t\t<div class=\"elementor-element elementor-element-93c601b elementor-widget elementor-widget-icon-box\" data-id=\"93c601b\" data-element_type=\"widget\" data-e-type=\"widget\" data-widget_type=\"icon-box.default\">\n\t\t\t\t<div class=\"elementor-widget-container\">\n\t\t\t\t\t\t\t<div class=\"elementor-icon-box-wrapper\">\n\n\t\t\t\n\t\t\t\t\t\t<div class=\"elementor-icon-box-content\">\n\n\t\t\t\t\t\t\t\t\t<h3 class=\"elementor-icon-box-title\">\n\t\t\t\t\t\t<span  >\n\t\t\t\t\t\t\tMatrice 350 RTK\t\t\t\t\t\t<\/span>\n\t\t\t\t\t<\/h3>\n\t\t\t\t\n\t\t\t\t\t\t\t\t\t<p class=\"elementor-icon-box-description\">\n\t\t\t\t\t\tIdeal per a inspeccions industrials, neteja de fa\u00e7anes i altres aplicacions professionals\t\t\t\t\t<\/p>\n\t\t\t\t\n\t\t\t<\/div>\n\t\t\t\n\t\t<\/div>\n\t\t\t\t\t\t<\/div>\n\t\t\t\t<\/div>\n\t\t\t\t<\/div>\n\t\t\t\t<\/div>\n\t\t\t\t<\/div>\n\t\t\t\t<\/div>\n\t\t\t\t\t<\/div>\n\t\t\t\t<\/div>\n\t\t<div class=\"elementor-element elementor-element-5bc71b6 reveal-group e-flex e-con-boxed e-con e-parent\" data-id=\"5bc71b6\" data-element_type=\"container\" data-e-type=\"container\">\n\t\t\t\t\t<div class=\"e-con-inner\">\n\t\t<div class=\"elementor-element elementor-element-d003d41 e-con-full e-flex e-con e-child\" data-id=\"d003d41\" data-element_type=\"container\" data-e-type=\"container\" data-settings=\"{&quot;background_background&quot;:&quot;gradient&quot;}\">\n\t\t<div class=\"elementor-element elementor-element-f7591c9 e-con-full e-flex e-con e-child\" data-id=\"f7591c9\" data-element_type=\"container\" data-e-type=\"container\" data-settings=\"{&quot;background_background&quot;:&quot;classic&quot;}\">\n\t\t\t\t<div class=\"elementor-element elementor-element-74b3d14 elementor-widget elementor-widget-heading\" data-id=\"74b3d14\" data-element_type=\"widget\" data-e-type=\"widget\" data-widget_type=\"heading.default\">\n\t\t\t\t<div class=\"elementor-widget-container\">\n\t\t\t\t\t<h2 class=\"elementor-heading-title elementor-size-default\">Per qu\u00e8 confiar en el nostre servei?<\/h2>\t\t\t\t<\/div>\n\t\t\t\t<\/div>\n\t\t\t\t<div class=\"elementor-element elementor-element-fb9f48e elementor-widget elementor-widget-text-editor\" data-id=\"fb9f48e\" data-element_type=\"widget\" data-e-type=\"widget\" data-widget_type=\"text-editor.default\">\n\t\t\t\t<div class=\"elementor-widget-container\">\n\t\t\t\t\t\t\t\t\t<p>A Cropwing garantim que cada dron rebi el manteniment que necessita per allargar la seva vida \u00fatil i assegurar la m\u00e0xima efici\u00e8ncia i seguretat. El nostre comprom\u00eds \u00e9s oferir solucions t\u00e8cniques i amb totes les garanties d\u2019un equip apassionat per la innovaci\u00f3 i l\u2019excel\u00b7l\u00e8ncia. <\/p>\t\t\t\t\t\t\t\t<\/div>\n\t\t\t\t<\/div>\n\t\t\t\t<\/div>\n\t\t<div class=\"elementor-element elementor-element-4fde0f3 e-con-full reveal-group e-flex e-con e-child\" data-id=\"4fde0f3\" data-element_type=\"container\" data-e-type=\"container\" data-settings=\"{&quot;background_background&quot;:&quot;classic&quot;}\">\n\t\t\t\t<div class=\"elementor-element elementor-element-29d05c9 elementor-position-inline-start elementor-view-default elementor-mobile-position-block-start elementor-widget elementor-widget-icon-box\" data-id=\"29d05c9\" data-element_type=\"widget\" data-e-type=\"widget\" data-widget_type=\"icon-box.default\">\n\t\t\t\t<div class=\"elementor-widget-container\">\n\t\t\t\t\t\t\t<div class=\"elementor-icon-box-wrapper\">\n\n\t\t\t\t\t\t<div class=\"elementor-icon-box-icon\">\n\t\t\t\t<span  class=\"elementor-icon\">\n\t\t\t\t<svg xmlns=\"http:\/\/www.w3.org\/2000\/svg\" id=\"Layer_1\" data-name=\"Layer 1\" viewBox=\"0 0 44 44\"><circle cx=\"22\" cy=\"22\" r=\"21.75\" style=\"fill: #1c2126; stroke: #35ab9f; stroke-width: .5px;\"><\/circle><path d=\"M21,24.8c2.06-1.37,2.98-3.94,2.27-6.31s-2.9-4-5.38-4-4.67,1.62-5.38,4c-.72,2.37.2,4.94,2.27,6.31-1.82.67-3.37,1.91-4.43,3.54-.15.22-.17.51-.05.75.12.24.36.4.63.41.27.01.53-.12.67-.35,1.38-2.13,3.75-3.41,6.29-3.41s4.9,1.28,6.29,3.41c.23.34.69.43,1.03.21.34-.22.44-.68.22-1.03-1.06-1.63-2.61-2.87-4.43-3.54ZM13.75,20.12c0-2.28,1.85-4.12,4.12-4.12s4.12,1.85,4.12,4.12-1.85,4.13-4.12,4.13c-2.28,0-4.12-1.85-4.12-4.13ZM33.45,29.37c-.35.23-.81.13-1.04-.22-1.38-2.13-3.75-3.41-6.29-3.41-.41,0-.75-.34-.75-.75s.34-.75.75-.75c1.66,0,3.16-1,3.8-2.53.64-1.53.3-3.3-.86-4.48-1.16-1.18-2.93-1.56-4.47-.94-.25.11-.54.07-.76-.09-.22-.17-.32-.44-.28-.71.04-.27.23-.5.48-.59,2.67-1.07,5.72.06,7.06,2.61,1.34,2.55.54,5.7-1.86,7.3,1.82.67,3.37,1.91,4.43,3.54.23.35.13.81-.22,1.04Z\" style=\"fill: #fff; fill-rule: evenodd;\"><\/path><\/svg>\t\t\t\t<\/span>\n\t\t\t<\/div>\n\t\t\t\n\t\t\t\t\t\t<div class=\"elementor-icon-box-content\">\n\n\t\t\t\t\t\t\t\t\t<h3 class=\"elementor-icon-box-title\">\n\t\t\t\t\t\t<span  >\n\t\t\t\t\t\t\tEquip expert i amb una llarga experi\u00e8ncia.\t\t\t\t\t\t<\/span>\n\t\t\t\t\t<\/h3>\n\t\t\t\t\n\t\t\t\t\n\t\t\t<\/div>\n\t\t\t\n\t\t<\/div>\n\t\t\t\t\t\t<\/div>\n\t\t\t\t<\/div>\n\t\t\t\t<div class=\"elementor-element elementor-element-fb9f30f elementor-position-inline-start elementor-view-default elementor-mobile-position-block-start elementor-widget elementor-widget-icon-box\" data-id=\"fb9f30f\" data-element_type=\"widget\" data-e-type=\"widget\" data-widget_type=\"icon-box.default\">\n\t\t\t\t<div class=\"elementor-widget-container\">\n\t\t\t\t\t\t\t<div class=\"elementor-icon-box-wrapper\">\n\n\t\t\t\t\t\t<div class=\"elementor-icon-box-icon\">\n\t\t\t\t<span  class=\"elementor-icon\">\n\t\t\t\t<svg xmlns=\"http:\/\/www.w3.org\/2000\/svg\" id=\"Layer_1\" data-name=\"Layer 1\" viewBox=\"0 0 44 44\"><circle cx=\"22\" cy=\"22\" r=\"21.75\" style=\"fill: #35ab9f; stroke: #cacaca; stroke-width: .5px;\"><\/circle><path d=\"M31.26,16.47c-.09-.23-.29-.4-.53-.45-.24-.05-.49.01-.67.18l-3.78,3.49-1.62-.35-.35-1.62,3.49-3.78c.17-.18.23-.43.18-.67-.05-.24-.22-.44-.45-.53-2.08-.84-4.44-.59-6.31.66-1.86,1.25-2.98,3.35-2.98,5.6,0,.93.19,1.86.56,2.71l-5.64,4.88s-.03.02-.04.04c-1.17,1.17-1.17,3.07,0,4.24,1.17,1.17,3.07,1.17,4.24,0,.01-.01.03-.03.04-.04l4.88-5.65c2.09.92,4.5.72,6.41-.53,1.91-1.25,3.06-3.38,3.06-5.66,0-.87-.17-1.73-.49-2.53ZM25,24.25c-.89,0-1.76-.23-2.54-.66-.31-.17-.7-.1-.93.17l-5.24,6.07c-.59.56-1.52.55-2.09-.03-.58-.58-.59-1.5-.03-2.09l6.06-5.24c.27-.23.34-.62.17-.93-.98-1.76-.85-3.93.31-5.58,1.17-1.64,3.17-2.48,5.16-2.14l-2.93,3.17c-.17.18-.23.43-.18.67l.53,2.47c.06.29.29.51.58.58l2.47.53c.24.05.49-.02.67-.18l3.17-2.92c.26,1.52-.17,3.08-1.17,4.26-1,1.18-2.46,1.86-4.01,1.86Z\" style=\"fill: #172112; fill-rule: evenodd;\"><\/path><\/svg>\t\t\t\t<\/span>\n\t\t\t<\/div>\n\t\t\t\n\t\t\t\t\t\t<div class=\"elementor-icon-box-content\">\n\n\t\t\t\t\t\t\t\t\t<h3 class=\"elementor-icon-box-title\">\n\t\t\t\t\t\t<span  >\n\t\t\t\t\t\t\tDiagn\u00f2stics precisos i r\u00e0pids.\t\t\t\t\t\t<\/span>\n\t\t\t\t\t<\/h3>\n\t\t\t\t\n\t\t\t\t\n\t\t\t<\/div>\n\t\t\t\n\t\t<\/div>\n\t\t\t\t\t\t<\/div>\n\t\t\t\t<\/div>\n\t\t\t\t<div class=\"elementor-element elementor-element-b9ea038 elementor-position-inline-start elementor-view-default elementor-mobile-position-block-start elementor-widget elementor-widget-icon-box\" data-id=\"b9ea038\" data-element_type=\"widget\" data-e-type=\"widget\" data-widget_type=\"icon-box.default\">\n\t\t\t\t<div class=\"elementor-widget-container\">\n\t\t\t\t\t\t\t<div class=\"elementor-icon-box-wrapper\">\n\n\t\t\t\t\t\t<div class=\"elementor-icon-box-icon\">\n\t\t\t\t<span  class=\"elementor-icon\">\n\t\t\t\t<svg xmlns=\"http:\/\/www.w3.org\/2000\/svg\" id=\"Layer_1\" data-name=\"Layer 1\" viewBox=\"0 0 44 44\"><circle cx=\"22\" cy=\"22\" r=\"21.75\" style=\"fill: #1c2126; stroke: #35ab9f; stroke-width: .5px;\"><\/circle><path d=\"M29.5,12.63h-15c-.83,0-1.5.67-1.5,1.5v5.51c0,8.4,7.11,11.19,8.53,11.66.3.1.63.1.94,0,1.43-.47,8.53-3.26,8.53-11.66v-5.51c0-.83-.67-1.5-1.5-1.5ZM29.5,19.64c0,7.35-6.22,9.81-7.5,10.24-1.27-.42-7.5-2.88-7.5-10.24v-5.51h15v5.51Z\" style=\"fill: #fff; fill-rule: evenodd;\"><\/path><\/svg>\t\t\t\t<\/span>\n\t\t\t<\/div>\n\t\t\t\n\t\t\t\t\t\t<div class=\"elementor-icon-box-content\">\n\n\t\t\t\t\t\t\t\t\t<h3 class=\"elementor-icon-box-title\">\n\t\t\t\t\t\t<span  >\n\t\t\t\t\t\t\tRecanvis originals i certificats.\t\t\t\t\t\t<\/span>\n\t\t\t\t\t<\/h3>\n\t\t\t\t\n\t\t\t\t\n\t\t\t<\/div>\n\t\t\t\n\t\t<\/div>\n\t\t\t\t\t\t<\/div>\n\t\t\t\t<\/div>\n\t\t\t\t<div class=\"elementor-element elementor-element-625faec elementor-position-inline-start elementor-view-default elementor-mobile-position-block-start elementor-widget elementor-widget-icon-box\" data-id=\"625faec\" data-element_type=\"widget\" data-e-type=\"widget\" data-widget_type=\"icon-box.default\">\n\t\t\t\t<div class=\"elementor-widget-container\">\n\t\t\t\t\t\t\t<div class=\"elementor-icon-box-wrapper\">\n\n\t\t\t\t\t\t<div class=\"elementor-icon-box-icon\">\n\t\t\t\t<span  class=\"elementor-icon\">\n\t\t\t\t<svg xmlns=\"http:\/\/www.w3.org\/2000\/svg\" id=\"Layer_1\" data-name=\"Layer 1\" viewBox=\"0 0 44 44\"><circle cx=\"22\" cy=\"22\" r=\"21.75\" style=\"fill: #35ab9f; stroke: #cacaca; stroke-width: .5px;\"><\/circle><path d=\"M30.03,17.72l-5.25-5.25c-.14-.14-.33-.22-.53-.22h-9c-.83,0-1.5.67-1.5,1.5v16.5c0,.83.67,1.5,1.5,1.5h13.5c.83,0,1.5-.67,1.5-1.5v-12c0-.2-.08-.39-.22-.53ZM25,14.81l2.69,2.69h-2.69v-2.69ZM28.75,30.25h-13.5V13.75h8.25v4.5c0,.41.34.75.75.75h4.5v11.25Z\" style=\"fill: #0b161e; fill-rule: evenodd;\"><\/path><\/svg>\t\t\t\t<\/span>\n\t\t\t<\/div>\n\t\t\t\n\t\t\t\t\t\t<div class=\"elementor-icon-box-content\">\n\n\t\t\t\t\t\t\t\t\t<h3 class=\"elementor-icon-box-title\">\n\t\t\t\t\t\t<span  >\n\t\t\t\t\t\t\tHistorial de manteniment documentat per a una millor tra\u00e7abilitat i control.\t\t\t\t\t\t<\/span>\n\t\t\t\t\t<\/h3>\n\t\t\t\t\n\t\t\t\t\n\t\t\t<\/div>\n\t\t\t\n\t\t<\/div>\n\t\t\t\t\t\t<\/div>\n\t\t\t\t<\/div>\n\t\t\t\t<div class=\"elementor-element elementor-element-596a50e elementor-position-inline-start elementor-view-default elementor-mobile-position-block-start elementor-widget elementor-widget-icon-box\" data-id=\"596a50e\" data-element_type=\"widget\" data-e-type=\"widget\" data-widget_type=\"icon-box.default\">\n\t\t\t\t<div class=\"elementor-widget-container\">\n\t\t\t\t\t\t\t<div class=\"elementor-icon-box-wrapper\">\n\n\t\t\t\t\t\t<div class=\"elementor-icon-box-icon\">\n\t\t\t\t<span  class=\"elementor-icon\">\n\t\t\t\t<svg xmlns=\"http:\/\/www.w3.org\/2000\/svg\" xmlns:xlink=\"http:\/\/www.w3.org\/1999\/xlink\" id=\"Layer_1\" data-name=\"Layer 1\" viewBox=\"0 0 44 44\"><defs><clipPath id=\"clippath\"><rect x=\"10\" y=\"10\" width=\"24\" height=\"24\" style=\"fill: none;\"><\/rect><\/clipPath><\/defs><circle cx=\"22\" cy=\"22\" r=\"21.75\" style=\"fill: #1c2126; stroke: #35ab9f; stroke-width: .5px;\"><\/circle><g style=\"clip-path: url(#clippath);\"><path d=\"M22.75,17.5v4.08l3.39,2.03c.36.21.47.67.26,1.03-.21.36-.67.47-1.03.26l-3.75-2.25c-.23-.14-.36-.38-.36-.64v-4.5c0-.41.34-.75.75-.75s.75.34.75.75ZM22,13c-2.39,0-4.68.94-6.37,2.64-.68.69-1.29,1.35-1.88,2.05v-1.69c0-.41-.34-.75-.75-.75s-.75.34-.75.75v3.75c0,.41.34.75.75.75h3.75c.41,0,.75-.34.75-.75s-.34-.75-.75-.75h-2.16c.67-.79,1.34-1.53,2.1-2.3,2.91-2.91,7.62-2.93,10.56-.05,2.94,2.88,3.01,7.59.15,10.55-2.85,2.96-7.56,3.08-10.55.25-.19-.18-.47-.25-.73-.17-.26.08-.45.28-.52.55-.06.26.02.54.21.72,2.94,2.77,7.37,3.25,10.83,1.16,3.46-2.09,5.11-6.22,4.02-10.12-1.08-3.89-4.63-6.59-8.67-6.59Z\" style=\"fill: #fff; fill-rule: evenodd;\"><\/path><\/g><\/svg>\t\t\t\t<\/span>\n\t\t\t<\/div>\n\t\t\t\n\t\t\t\t\t\t<div class=\"elementor-icon-box-content\">\n\n\t\t\t\t\t\t\t\t\t<h3 class=\"elementor-icon-box-title\">\n\t\t\t\t\t\t<span  >\n\t\t\t\t\t\t\tResposta r\u00e0pida i atenci\u00f3 postvenda de qualitat.\t\t\t\t\t\t<\/span>\n\t\t\t\t\t<\/h3>\n\t\t\t\t\n\t\t\t\t\n\t\t\t<\/div>\n\t\t\t\n\t\t<\/div>\n\t\t\t\t\t\t<\/div>\n\t\t\t\t<\/div>\n\t\t\t\t<div class=\"elementor-element elementor-element-e0b04bf elementor-widget elementor-widget-text-editor\" data-id=\"e0b04bf\" data-element_type=\"widget\" data-e-type=\"widget\" data-widget_type=\"text-editor.default\">\n\t\t\t\t<div class=\"elementor-widget-container\">\n\t\t\t\t\t\t\t\t\t<p>Si tens un dron i busques un servei de manteniment i reparaci\u00f3 de confian\u00e7a, contacta amb nosaltres i el nostre equip t\u00e8cnic t\u2019assessorar\u00e0 sense comprom\u00eds.<\/p>\t\t\t\t\t\t\t\t<\/div>\n\t\t\t\t<\/div>\n\t\t\t\t<div class=\"elementor-element elementor-element-793221d elementor-widget elementor-widget-button\" data-id=\"793221d\" data-element_type=\"widget\" data-e-type=\"widget\" data-widget_type=\"button.default\">\n\t\t\t\t<div class=\"elementor-widget-container\">\n\t\t\t\t\t\t\t\t\t<div class=\"elementor-button-wrapper\">\n\t\t\t\t\t<a class=\"elementor-button elementor-button-link elementor-size-sm\" href=\"#\">\n\t\t\t\t\t\t<span class=\"elementor-button-content-wrapper\">\n\t\t\t\t\t\t\t\t\t<span class=\"elementor-button-text\">Contacta amb nosaltres<\/span>\n\t\t\t\t\t<\/span>\n\t\t\t\t\t<\/a>\n\t\t\t\t<\/div>\n\t\t\t\t\t\t\t\t<\/div>\n\t\t\t\t<\/div>\n\t\t\t\t<\/div>\n\t\t\t\t<\/div>\n\t\t\t\t\t<\/div>\n\t\t\t\t<\/div>\n\t\t<div class=\"elementor-element elementor-element-21b481a e-flex e-con-boxed e-con e-parent\" data-id=\"21b481a\" data-element_type=\"container\" data-e-type=\"container\" data-settings=\"{&quot;background_background&quot;:&quot;classic&quot;,&quot;background_motion_fx_motion_fx_scrolling&quot;:&quot;yes&quot;,&quot;background_motion_fx_translateY_effect&quot;:&quot;yes&quot;,&quot;background_motion_fx_translateY_speed&quot;:{&quot;unit&quot;:&quot;px&quot;,&quot;size&quot;:4,&quot;sizes&quot;:[]},&quot;background_motion_fx_translateY_affectedRange&quot;:{&quot;unit&quot;:&quot;%&quot;,&quot;size&quot;:&quot;&quot;,&quot;sizes&quot;:{&quot;start&quot;:0,&quot;end&quot;:100}},&quot;background_motion_fx_devices&quot;:[&quot;desktop&quot;,&quot;tablet&quot;,&quot;mobile&quot;]}\">\n\t\t\t\t\t<div class=\"e-con-inner\">\n\t\t<div class=\"elementor-element elementor-element-fb2e28f e-con-full reveal-group e-flex e-con e-child\" data-id=\"fb2e28f\" data-element_type=\"container\" data-e-type=\"container\">\n\t\t\t\t<div class=\"elementor-element elementor-element-c16848d elementor-widget elementor-widget-heading\" data-id=\"c16848d\" data-element_type=\"widget\" data-e-type=\"widget\" data-widget_type=\"heading.default\">\n\t\t\t\t<div class=\"elementor-widget-container\">\n\t\t\t\t\t<h2 class=\"elementor-heading-title elementor-size-default\">Tecnologia a l'al\u00e7ada. Servei a mida <\/h2>\t\t\t\t<\/div>\n\t\t\t\t<\/div>\n\t\t\t\t<\/div>\n\t\t\t\t\t<\/div>\n\t\t\t\t<\/div>\n\t\t\t\t<\/div>\n\t\t","protected":false},"excerpt":{"rendered":"<p>Servei t\u00e8cnic de drons Diagn\u00f2stic prec\u00eds, reparacions i assessorament expert Diagn\u00f2stic, reparaci\u00f3 i assessorament personalitzat A CROPWING sabem que el [&hellip;]<\/p>\n","protected":false},"author":1,"featured_media":0,"parent":0,"menu_order":0,"comment_status":"closed","ping_status":"closed","template":"","meta":{"_acf_changed":false,"_seopress_robots_primary_cat":"","_seopress_titles_title":"","_seopress_titles_desc":"","_seopress_robots_index":"","inline_featured_image":false,"site-sidebar-layout":"no-sidebar","site-content-layout":"","ast-site-content-layout":"full-width-container","site-content-style":"default","site-sidebar-style":"default","ast-global-header-display":"","ast-banner-title-visibility":"","ast-main-header-display":"","ast-hfb-above-header-display":"","ast-hfb-below-header-display":"","ast-hfb-mobile-header-display":"","site-post-title":"disabled","ast-breadcrumbs-content":"","ast-featured-img":"disabled","footer-sml-layout":"","ast-disable-related-posts":"","theme-transparent-header-meta":"default","adv-header-id-meta":"","stick-header-meta":"","header-above-stick-meta":"","header-main-stick-meta":"","header-below-stick-meta":"","astra-migrate-meta-layouts":"default","ast-page-background-enabled":"default","ast-page-background-meta":{"desktop":{"background-color":"var(--ast-global-color-5)","background-image":"","background-repeat":"repeat","background-position":"center center","background-size":"auto","background-attachment":"scroll","background-type":"","background-media":"","overlay-type":"","overlay-color":"","overlay-opacity":"","overlay-gradient":""},"tablet":{"background-color":"","background-image":"","background-repeat":"repeat","background-position":"center center","background-size":"auto","background-attachment":"scroll","background-type":"","background-media":"","overlay-type":"","overlay-color":"","overlay-opacity":"","overlay-gradient":""},"mobile":{"background-color":"","background-image":"","background-repeat":"repeat","background-position":"center center","background-size":"auto","background-attachment":"scroll","background-type":"","background-media":"","overlay-type":"","overlay-color":"","overlay-opacity":"","overlay-gradient":""}},"ast-content-background-meta":{"desktop":{"background-color":"var(--ast-global-color-4)","background-image":"","background-repeat":"repeat","background-position":"center center","background-size":"auto","background-attachment":"scroll","background-type":"","background-media":"","overlay-type":"","overlay-color":"","overlay-opacity":"","overlay-gradient":""},"tablet":{"background-color":"var(--ast-global-color-4)","background-image":"","background-repeat":"repeat","background-position":"center center","background-size":"auto","background-attachment":"scroll","background-type":"","background-media":"","overlay-type":"","overlay-color":"","overlay-opacity":"","overlay-gradient":""},"mobile":{"background-color":"var(--ast-global-color-4)","background-image":"","background-repeat":"repeat","background-position":"center center","background-size":"auto","background-attachment":"scroll","background-type":"","background-media":"","overlay-type":"","overlay-color":"","overlay-opacity":"","overlay-gradient":""}},"footnotes":""},"class_list":["post-1490","page","type-page","status-publish","hentry"],"acf":[],"_links":{"self":[{"href":"https:\/\/cropwing.es\/ca\/wp-json\/wp\/v2\/pages\/1490","targetHints":{"allow":["GET"]}}],"collection":[{"href":"https:\/\/cropwing.es\/ca\/wp-json\/wp\/v2\/pages"}],"about":[{"href":"https:\/\/cropwing.es\/ca\/wp-json\/wp\/v2\/types\/page"}],"author":[{"embeddable":true,"href":"https:\/\/cropwing.es\/ca\/wp-json\/wp\/v2\/users\/1"}],"replies":[{"embeddable":true,"href":"https:\/\/cropwing.es\/ca\/wp-json\/wp\/v2\/comments?post=1490"}],"version-history":[{"count":1,"href":"https:\/\/cropwing.es\/ca\/wp-json\/wp\/v2\/pages\/1490\/revisions"}],"predecessor-version":[{"id":1500,"href":"https:\/\/cropwing.es\/ca\/wp-json\/wp\/v2\/pages\/1490\/revisions\/1500"}],"wp:attachment":[{"href":"https:\/\/cropwing.es\/ca\/wp-json\/wp\/v2\/media?parent=1490"}],"curies":[{"name":"wp","href":"https:\/\/api.w.org\/{rel}","templated":true}]}}